{"id":9490,"date":"2019-04-12T21:05:51","date_gmt":"2019-04-12T19:05:51","guid":{"rendered":"https:\/\/dev.wi-lex.de\/?page_id=9490"},"modified":"2020-10-21T14:46:47","modified_gmt":"2020-10-21T12:46:47","slug":"sprache","status":"publish","type":"page","link":"https:\/\/wi-lex.de\/lexikon\/technologische-und-methodische-grundlagen\/sprache\/","title":{"rendered":"Sprache"},"content":{"rendered":"\r\n<h2 class=\"wp-block-heading\"><a href=\"https:\/\/www.wi-lex.de\/index.php\/lexikon\/technologische-und-methodische-grundlagen\/sprache\/auszeichnungssprache\/\">Auszeichnungssprache<\/a><\/h2>\r\n<p>Eine Auszeichnungssprache (engl.: markup language) ist eine formale (nicht-nat\u00fcrliche) Sprache, die es erm\u00f6glicht, unterschiedliche Bestandteile eines Textes als solche zu kennzeichnen. Durch eine Auszeichnungssprache k\u00f6nnen beliebigen Textelementen auf deklarative Weise Eigenschaften zugewiesen werden, wodurch deren Bedeutung ausgedr\u00fcckt werden kann.<\/p>\r\n\r\n\r\n\r\n<h2 class=\"wp-block-heading\"><a href=\"https:\/\/www.wi-lex.de\/index.php\/lexikon\/technologische-und-methodische-grundlagen\/sprache\/formale-sprache\/\">Formale Sprache<\/a><\/h2>\r\n<p>Eine formale Sprache stellt eine zumeist mit Hilfe der nat\u00fcrlichen Sprache festgelegte k\u00fcnstliche Sprache dar.<\/p>\r\n\r\n\r\n\r\n<h2 class=\"wp-block-heading\"><a href=\"https:\/\/www.wi-lex.de\/index.php\/lexikon\/technologische-und-methodische-grundlagen\/sprache\/modellierungssprache\/\">Modellierungssprache<\/a><\/h2>\r\n<p>Modellierungssprachen sind k\u00fcnstlich definierte Sprachen, die dazu dienen, Modelle, d.h. abstrahierende Beschreibungen, zu erstellen. Sie werden insbesondere im Rahmen der Softwareentwicklung eingesetzt, um Ausschnitte der realen Welt zu modellieren (z.B. Gesch\u00e4ftsprozessmodelle, Ist-Analyse), Anforderungen an eine zu realisierende Software zu pr\u00e4zisieren oder Entwurfs- und Architekturbeschreibungen zu erstellen. Neben dedizierten Sprachen f\u00fcr bestimmte Bereiche ist die standardisierte UML (Unified Modeling Language) die am weitesten verbreitete Modellierungssprache.<\/p>\r\n\r\n\r\n\r\n<h2 class=\"wp-block-heading\"><a href=\"https:\/\/www.wi-lex.de\/index.php\/lexikon\/technologische-und-methodische-grundlagen\/sprache\/programmiersprache\/\">Programmiersprache<\/a><\/h2>\r\n<p>Eine Programmiersprache ist eine Sprache zur Formulierung von ausf\u00fchrbaren Program\u00admen. Programmierparadigmen und spezielle Anwendungsgebiete k\u00f6nnen die Sprache pr\u00e4gen. Die Regeln der Sprache sind pr\u00e4zise definiert, damit die Programme automatisch in Maschinenprogramme \u00fcbersetzt oder interpretiert werden k\u00f6nnen.<\/p>\r\n\r\n\r\n\r\n<h2 class=\"wp-block-heading\"><a href=\"https:\/\/www.wi-lex.de\/index.php\/lexikon\/technologische-und-methodische-grundlagen\/sprache\/visuelle-sprache\/\">Visuelle Sprache<\/a><\/h2>\r\n<p>Visuelle Sprachen dienen der Darstellung von Daten oder Information in bildhafter oder visualisierter Form wie Diagrammen oder Animationen.<\/p>\r\n\r\n","protected":false},"excerpt":{"rendered":"<p>Auszeichnungssprache Eine Auszeichnungssprache (engl.: markup language) ist eine formale (nicht-nat\u00fcrliche) Sprache, die es erm\u00f6glicht, unterschiedliche Bestandteile eines Textes als solche zu kennzeichnen. Durch eine Auszeichnungssprache k\u00f6nnen beliebigen Textelementen auf deklarative Weise Eigenschaften zugewiesen werden, wodurch deren Bedeutung ausgedr\u00fcckt werden kann. <a href=\"https:\/\/wi-lex.de\/lexikon\/technologische-und-methodische-grundlagen\/sprache\/\" class=\"read-more\">Read More &#8230;<\/a><\/p>\n","protected":false},"author":568,"featured_media":0,"parent":71,"menu_order":38,"comment_status":"closed","ping_status":"closed","template":"","meta":{"footnotes":""},"class_list":["post-9490","page","type-page","status-publish","hentry"],"_links":{"self":[{"href":"https:\/\/wi-lex.de\/wp-json\/wp\/v2\/pages\/9490","targetHints":{"allow":["GET"]}}],"collection":[{"href":"https:\/\/wi-lex.de\/wp-json\/wp\/v2\/pages"}],"about":[{"href":"https:\/\/wi-lex.de\/wp-json\/wp\/v2\/types\/page"}],"author":[{"embeddable":true,"href":"https:\/\/wi-lex.de\/wp-json\/wp\/v2\/users\/568"}],"replies":[{"embeddable":true,"href":"https:\/\/wi-lex.de\/wp-json\/wp\/v2\/comments?post=9490"}],"version-history":[{"count":3,"href":"https:\/\/wi-lex.de\/wp-json\/wp\/v2\/pages\/9490\/revisions"}],"predecessor-version":[{"id":11342,"href":"https:\/\/wi-lex.de\/wp-json\/wp\/v2\/pages\/9490\/revisions\/11342"}],"up":[{"embeddable":true,"href":"https:\/\/wi-lex.de\/wp-json\/wp\/v2\/pages\/71"}],"wp:attachment":[{"href":"https:\/\/wi-lex.de\/wp-json\/wp\/v2\/media?parent=9490"}],"curies":[{"name":"wp","href":"https:\/\/api.w.org\/{rel}","templated":true}]}}