{"id":764,"date":"2019-02-16T09:28:14","date_gmt":"2019-02-16T08:28:14","guid":{"rendered":"http:\/\/localhost\/wordpress\/husmann-prof-dr-sven\/"},"modified":"2022-07-06T13:39:33","modified_gmt":"2022-07-06T11:39:33","slug":"husmann-prof-dr-sven","status":"publish","type":"page","link":"https:\/\/wi-lex.de\/autoren\/autorenverzeichnis\/husmann-prof-dr-sven\/","title":{"rendered":"Husmann, Prof. Dr. Sven"},"content":{"rendered":"<hr \/>\n<p align=\"JUSTIFY\"><em>Prof. Dr. Sven Husmann, Europa-Universit\u00e4t Viadrina Frankfurt (Oder), Lehrstuhl f\u00fcr Betriebswirtschaftslehre, insbesondere Finanzwirtschaft und Kapitalmarkttheorie, August-Bebel-Stra\u00dfe 12, 15234 Frankfurt (Oder)<\/em><\/p>\n<p>&nbsp;<\/p>\n<h2>Arbeitsschwerpunkte<img loading=\"lazy\" decoding=\"async\" class=\"image-inline image-inline alignright\" src=\"https:\/\/www.wi-lex.de\/wp-content\/uploads\/2019\/03\/Husmann-Prof.-Dr.-Sven.jpg\" alt=\"\" width=\"182\" height=\"237\" \/><\/h2>\n<ul>\n<li>Unternehmensbewertung<\/li>\n<li>Risikomanagement<\/li>\n<li>Insolvenzprognose<\/li>\n<li>Kommunikation<\/li>\n<\/ul>\n<h2>Kommunikation<\/h2>\n<p>E-Mail: <a href=\"mailto:husmann@euv-frankfurt-o.de\">husmann@euv-frankfurt-o.de<\/a><br \/>\nTelefon: 0335 5534-2985<br \/>\nHomepage: <a href=\"https:\/\/www.wiwi.europa-uni.de\/de\/lehrstuhl\/fact\/fiwi\/mitarbeiter\/lehrstuhlinhaber\/husmann\/index.html\" target=\"_blank\" rel=\"noopener\">https:\/\/www.wiwi.europa-uni.de\/de\/lehrstuhl\/fact\/fiwi\/mitarbeiter\/lehrstuhlinhaber\/husmann\/index.html<\/a><\/p>\n","protected":false},"excerpt":{"rendered":"<p>Prof. Dr. Sven Husmann, Europa-Universit\u00e4t Viadrina Frankfurt (Oder), Lehrstuhl f\u00fcr Betriebswirtschaftslehre, insbesondere Finanzwirtschaft und Kapitalmarkttheorie, August-Bebel-Stra\u00dfe 12, 15234 Frankfurt (Oder) &nbsp; Arbeitsschwerpunkte Unternehmensbewertung Risikomanagement Insolvenzprognose Kommunikation Kommunikation E-Mail: husmann@euv-frankfurt-o.de Telefon: 0335 5534-2985 Homepage: https:\/\/www.wiwi.europa-uni.de\/de\/lehrstuhl\/fact\/fiwi\/mitarbeiter\/lehrstuhlinhaber\/husmann\/index.html<\/p>\n","protected":false},"author":568,"featured_media":0,"parent":319,"menu_order":100,"comment_status":"open","ping_status":"closed","template":"","meta":{"footnotes":""},"class_list":["post-764","page","type-page","status-publish","hentry"],"_links":{"self":[{"href":"https:\/\/wi-lex.de\/wp-json\/wp\/v2\/pages\/764","targetHints":{"allow":["GET"]}}],"collection":[{"href":"https:\/\/wi-lex.de\/wp-json\/wp\/v2\/pages"}],"about":[{"href":"https:\/\/wi-lex.de\/wp-json\/wp\/v2\/types\/page"}],"author":[{"embeddable":true,"href":"https:\/\/wi-lex.de\/wp-json\/wp\/v2\/users\/568"}],"replies":[{"embeddable":true,"href":"https:\/\/wi-lex.de\/wp-json\/wp\/v2\/comments?post=764"}],"version-history":[{"count":3,"href":"https:\/\/wi-lex.de\/wp-json\/wp\/v2\/pages\/764\/revisions"}],"predecessor-version":[{"id":16564,"href":"https:\/\/wi-lex.de\/wp-json\/wp\/v2\/pages\/764\/revisions\/16564"}],"up":[{"embeddable":true,"href":"https:\/\/wi-lex.de\/wp-json\/wp\/v2\/pages\/319"}],"wp:attachment":[{"href":"https:\/\/wi-lex.de\/wp-json\/wp\/v2\/media?parent=764"}],"curies":[{"name":"wp","href":"https:\/\/api.w.org\/{rel}","templated":true}]}}