{"id":748,"date":"2019-02-16T09:28:11","date_gmt":"2019-02-16T08:28:11","guid":{"rendered":"http:\/\/localhost\/wordpress\/helber-prof-dr-stefan\/"},"modified":"2022-07-06T13:13:10","modified_gmt":"2022-07-06T11:13:10","slug":"helber-prof-dr-stefan","status":"publish","type":"page","link":"https:\/\/wi-lex.de\/autoren\/autorenverzeichnis\/helber-prof-dr-stefan\/","title":{"rendered":"Helber, Prof. Dr. Stefan"},"content":{"rendered":"<hr \/>\n<p align=\"JUSTIFY\"><em>Prof. Dr. Stefan Helber, Leibniz Universit\u00e4t Hannover, Institut f\u00fcr Produktionswirtschaft, K\u00f6nigsworther Platz 1, 30165 Hannover<\/em><\/p>\n<p>&nbsp;<\/p>\n<h2>Arbeitsschwerpunkte<img loading=\"lazy\" decoding=\"async\" class=\"image-inline image-inline alignright\" src=\"https:\/\/www.wi-lex.de\/wp-content\/uploads\/Autoren\/H\/Helber-Prof.-Dr.-Stefan.jpg\" alt=\"\" width=\"182\" height=\"237\" \/><\/h2>\n<ul>\n<li>Produktionsplanung und -steuerung<\/li>\n<li>Leistungsanalyse von Produktionssystemen<\/li>\n<li>Dienstleistungsproduktion<\/li>\n<li>Call Center Management<\/li>\n<\/ul>\n<h2>Besucheradresse<\/h2>\n<p>Prof. Dr. Stefan Helber<br \/>\nLeibniz Universit\u00e4t Hannover<br \/>\nInstitut f\u00fcr Produktionswirtschaft<br \/>\nK\u00f6nigsworther Platz 1<br \/>\n30165 Hannover<\/p>\n<h2>Kommunikation<\/h2>\n<p>E-Mail: <a href=\"mailto:sekretariat@prod.uni-hannover.de\">sekretariat@prod.uni-hannover.de<\/a><br \/>\nTelefon: 0511 7625650<br \/>\nHomepage: <a href=\"https:\/\/www.prod.uni-hannover.de\/en\/helber\/\" target=\"_blank\" rel=\"noopener\">https:\/\/www.prod.uni-hannover.de\/en\/helber\/<\/a><\/p>\n","protected":false},"excerpt":{"rendered":"<p>Prof. Dr. Stefan Helber, Leibniz Universit\u00e4t Hannover, Institut f\u00fcr Produktionswirtschaft, K\u00f6nigsworther Platz 1, 30165 Hannover &nbsp; Arbeitsschwerpunkte Produktionsplanung und -steuerung Leistungsanalyse von Produktionssystemen Dienstleistungsproduktion Call Center Management Besucheradresse Prof. Dr. Stefan Helber Leibniz Universit\u00e4t Hannover Institut f\u00fcr Produktionswirtschaft K\u00f6nigsworther Platz <a href=\"https:\/\/wi-lex.de\/autoren\/autorenverzeichnis\/helber-prof-dr-stefan\/\" class=\"read-more\">Read More &#8230;<\/a><\/p>\n","protected":false},"author":568,"featured_media":0,"parent":319,"menu_order":92,"comment_status":"open","ping_status":"closed","template":"","meta":{"footnotes":""},"class_list":["post-748","page","type-page","status-publish","hentry"],"_links":{"self":[{"href":"https:\/\/wi-lex.de\/wp-json\/wp\/v2\/pages\/748","targetHints":{"allow":["GET"]}}],"collection":[{"href":"https:\/\/wi-lex.de\/wp-json\/wp\/v2\/pages"}],"about":[{"href":"https:\/\/wi-lex.de\/wp-json\/wp\/v2\/types\/page"}],"author":[{"embeddable":true,"href":"https:\/\/wi-lex.de\/wp-json\/wp\/v2\/users\/568"}],"replies":[{"embeddable":true,"href":"https:\/\/wi-lex.de\/wp-json\/wp\/v2\/comments?post=748"}],"version-history":[{"count":1,"href":"https:\/\/wi-lex.de\/wp-json\/wp\/v2\/pages\/748\/revisions"}],"predecessor-version":[{"id":16553,"href":"https:\/\/wi-lex.de\/wp-json\/wp\/v2\/pages\/748\/revisions\/16553"}],"up":[{"embeddable":true,"href":"https:\/\/wi-lex.de\/wp-json\/wp\/v2\/pages\/319"}],"wp:attachment":[{"href":"https:\/\/wi-lex.de\/wp-json\/wp\/v2\/media?parent=748"}],"curies":[{"name":"wp","href":"https:\/\/api.w.org\/{rel}","templated":true}]}}