{"id":726,"date":"2019-02-16T09:28:11","date_gmt":"2019-02-16T08:28:11","guid":{"rendered":"http:\/\/localhost\/wordpress\/grauer-prof-dr-ing-manfred\/"},"modified":"2022-07-06T12:46:55","modified_gmt":"2022-07-06T10:46:55","slug":"grauer-prof-dr-ing-manfred","status":"publish","type":"page","link":"https:\/\/wi-lex.de\/autoren\/autorenverzeichnis\/grauer-prof-dr-ing-manfred\/","title":{"rendered":"Grauer, Prof. em. Dr.-Ing. Manfred"},"content":{"rendered":"<hr \/>\n<p align=\"JUSTIFY\"><em>Prof. Dr.-Ing. Manfred Grauer, Universit\u00e4t Siegen, Institut f\u00fcr Wirtschaftsinformatik, H\u00f6lderlinstra\u00dfe 3, 57068 Siegen<\/em><\/p>\n<p>&nbsp;<\/p>\n<h2>Arbeitsschwerpunkte<img loading=\"lazy\" decoding=\"async\" class=\"image-inline image-inline alignright\" src=\"https:\/\/www.wi-lex.de\/wp-content\/uploads\/Autoren\/G\/Grauer-Prof.-Dr.-Ing.-Manfred.jpg\" alt=\"\" width=\"182\" height=\"237\" \/><\/h2>\n<ul>\n<li>Cluster\/Grid Computing<\/li>\n<li>Service-orientierte Architekturen<\/li>\n<li>Produktdaten-, Produktlebenszyklusmanagement<\/li>\n<\/ul>\n<h2>Besucheradresse<\/h2>\n<p>Universit\u00e4t Siegen<br \/>\nInstitut f\u00fcr Wirtschaftsinformatik<br \/>\nH\u00f6lderlinstra\u00dfe 3<br \/>\nD-57076 Siegen<\/p>\n<h2>Kommunikation<\/h2>\n<p>E-Mail: <a href=\"mailto:grauer@uni-siegen.de\">grauer@uni-siegen.de<\/a><br \/>\nTelefon: +49 271 740 3269<br \/>\nHomepage: <a href=\"https:\/\/www.wiwi.uni-siegen.de\/is\/team\/grauer.html\" target=\"_blank\" rel=\"noopener\"> https:\/\/www.wiwi.uni-siegen.de\/is\/team\/grauer.html<\/a><\/p>\n","protected":false},"excerpt":{"rendered":"<p>Prof. Dr.-Ing. Manfred Grauer, Universit\u00e4t Siegen, Institut f\u00fcr Wirtschaftsinformatik, H\u00f6lderlinstra\u00dfe 3, 57068 Siegen &nbsp; Arbeitsschwerpunkte Cluster\/Grid Computing Service-orientierte Architekturen Produktdaten-, Produktlebenszyklusmanagement Besucheradresse Universit\u00e4t Siegen Institut f\u00fcr Wirtschaftsinformatik H\u00f6lderlinstra\u00dfe 3 D-57076 Siegen Kommunikation E-Mail: grauer@uni-siegen.de Telefon: +49 271 740 3269 Homepage: <a href=\"https:\/\/wi-lex.de\/autoren\/autorenverzeichnis\/grauer-prof-dr-ing-manfred\/\" class=\"read-more\">Read More &#8230;<\/a><\/p>\n","protected":false},"author":568,"featured_media":0,"parent":319,"menu_order":80,"comment_status":"open","ping_status":"closed","template":"","meta":{"footnotes":""},"class_list":["post-726","page","type-page","status-publish","hentry"],"_links":{"self":[{"href":"https:\/\/wi-lex.de\/wp-json\/wp\/v2\/pages\/726","targetHints":{"allow":["GET"]}}],"collection":[{"href":"https:\/\/wi-lex.de\/wp-json\/wp\/v2\/pages"}],"about":[{"href":"https:\/\/wi-lex.de\/wp-json\/wp\/v2\/types\/page"}],"author":[{"embeddable":true,"href":"https:\/\/wi-lex.de\/wp-json\/wp\/v2\/users\/568"}],"replies":[{"embeddable":true,"href":"https:\/\/wi-lex.de\/wp-json\/wp\/v2\/comments?post=726"}],"version-history":[{"count":1,"href":"https:\/\/wi-lex.de\/wp-json\/wp\/v2\/pages\/726\/revisions"}],"predecessor-version":[{"id":16542,"href":"https:\/\/wi-lex.de\/wp-json\/wp\/v2\/pages\/726\/revisions\/16542"}],"up":[{"embeddable":true,"href":"https:\/\/wi-lex.de\/wp-json\/wp\/v2\/pages\/319"}],"wp:attachment":[{"href":"https:\/\/wi-lex.de\/wp-json\/wp\/v2\/media?parent=726"}],"curies":[{"name":"wp","href":"https:\/\/api.w.org\/{rel}","templated":true}]}}