{"id":6912,"date":"2019-04-08T12:34:06","date_gmt":"2019-04-08T10:34:06","guid":{"rendered":"https:\/\/dev.wi-lex.de\/index.php\/telekommunikationsunternehmen-anwendungssysteme-fuer\/"},"modified":"2021-05-18T15:22:28","modified_gmt":"2021-05-18T13:22:28","slug":"telekommunikationsunternehmen-anwendungssysteme-fuer","status":"publish","type":"page","link":"https:\/\/wi-lex.de\/lexikon\/inner-und-ueberbetriebliche-informationssysteme\/sektorspezifische-anwendungssysteme\/telekommunikationsunternehmen-anwendungssysteme-fuer\/","title":{"rendered":"Telekommunikationsunternehmen, Anwendungssysteme f\u00fcr"},"content":{"rendered":"<p><a title=\"Christian Czarnecki\" href=\"https:\/\/www.wi-lex.de\/index.php\/autoren\/autorenverzeichnis\/czarnecki-prof-dr-ing-christian\/\">Christian Czarnecki<\/a>,\u00a0<span class=\"documentAuthor\"><a title=\"Frank Bensberg\" href=\"https:\/\/www.wi-lex.de\/index.php\/autoren\/autorenverzeichnis\/bensberg-prof-dr-frank\/\">Frank Bensberg<\/a><\/span><\/p>\n<hr \/>\n<p align=\"JUSTIFY\"><em>Der Betrieb und Handel mit Telekommunikationsdienstleistungen erfordert einen hohen Automatisierungsgrad, der durch verschiedene Arten von Anwendungssystemen gew\u00e4hrleistet wird.<\/em><\/p>\n<h2><strong>Telekommunikationsmarkt<\/strong><\/h2>\n<p align=\"JUSTIFY\">Der Telekommunikationsmarkt durchl\u00e4uft derzeit eine umfassende Transformation, die sich auf Strategie, Struktur und Technologie der Akteure entlang der gesamten Wertsch\u00f6pfungskette auswirkt [Alpar et al. 2016, S. 225 ff.]. Die daraus resultierenden Herausforderungen f\u00fcr Telekommunikationsunternehmen (TK-Unternehmen) lassen sich wie folgt zusammenfassen [Czarnecki, Dietze 2017a, S. 315 ff.]:<\/p>\n<ol>\n<li>\n<p align=\"JUSTIFY\">Ver\u00e4nderte Marktbedingungen: W\u00e4hrend der Markt f\u00fcr einige innovative Dienste w\u00e4chst (z. B. mobile Breitbanddienste), ist eine stetige Stagnation von traditionellen Diensten zu beobachten (z. B. Festnetztelefonie). Neben der zunehmenden Wettbewerbsintensit\u00e4t hat auch der anhaltende technologische Fortschritt dazu beigetragen, dass Margen in Telekommunikationsm\u00e4rkten kontinuierlich sinken und hoher Kostendruck besteht.<\/p>\n<\/li>\n<li>\n<p align=\"JUSTIFY\">Restrukturierte Wertsch\u00f6pfungsketten: Der Betrieb von Kommunikationsnetzen zur technischen Informations\u00fcbertragung r\u00fcckt im Vergleich zum Angebot von Inhalten (Content) und Anwendungen immer mehr in den Hintergrund. Dar\u00fcber hinaus bieten sogenannte Over-the-Top-Anbieter (OTT-Anbieter) Konkurrenzprodukte ohne eigene Netzinfrastruktur an, wie z. B. die Verdr\u00e4ngung des Short Messaging Service (SMS) durch WhatsApp zeigt.<\/p>\n<\/li>\n<li>\n<p align=\"JUSTIFY\">Neue Produkte und Dienstleistungen: TK-Unternehmen sind mit kontinuierlichen Innovationen und k\u00fcrzeren Produktentwicklungszyklen konfrontiert. Die Konvergenz sowohl auf der Anwendungs- als auch auf der Technologieebene wirkt sich auf die Produktionsstruktur aus.<\/p>\n<\/li>\n<\/ol>\n<h2><strong>Referenzmodelle des TM Forums<\/strong><\/h2>\n<p align=\"JUSTIFY\">Zur Unterst\u00fctzung des Transformationsbedarfs von TK-Unternehmen sind die Referenzmodelle des TM Forums in der Praxis weltweit anerkannt. Das<br \/>\nIndustriegremium <a class=\"external-link\" href=\"http:\/\/www.tmforum.org\/\" target=\"_blank\" rel=\"noopener\">TM Forum<\/a> wurde 1988 gegr\u00fcndet und umfasst mehr als 850 Unternehmen und Institutionen, bestehend aus Anbietern von Kommunikationsdiensten sowie der dazugeh\u00f6rigen gesamten Wertsch\u00f6pfungskette [TM Forum 2019a].<\/p>\n<p align=\"JUSTIFY\">Aus industriespezifischer Sicht stellt das TM Forum die folgenden drei <a class=\"internal-link\" title=\"Referenzmodellierung\" href=\"copy41_of_index.html\">Referenzmodelle<\/a> als Empfehlungen f\u00fcr TK-Unternehmen bereit [Czarnecki, Dietze 2017b, S. 78 ff.]:<\/p>\n<ol>\n<li>\n<p align=\"JUSTIFY\">Business Process Framework (<a class=\"internal-link\" title=\"enhanced Telecom Operations Map\" href=\"enhanced-telecom-operations-map\">eTOM<\/a>) ist eine hierarchische Strukturierung von Gesch\u00e4ftsprozessen von einem Ordnungsrahmen bis hin zu detaillierten Prozessdefinitionen [Kelly 2003, S. 109 ff.].<\/p>\n<\/li>\n<li>\n<p align=\"JUSTIFY\">Application Framework (TAM) ist eine Strukturierung von Funktionen nach logischen Applikationsgruppen. Diese werden in einem hierarchischen Funktionsbaum bereitgestellt.<\/p>\n<\/li>\n<li>\n<p align=\"JUSTIFY\">Information Framework (SID) ist ein logisches Datenmodell, das aggregierte Datenobjekte definiert und diese in detaillierten Entity-Relationship-Modellen spezifiziert.<\/p>\n<\/li>\n<\/ol>\n<p align=\"JUSTIFY\">Eine umfangreiche Nutzung dieser Referenzmodelle in Praxisprojekten ist dokumentiert [Czarnecki, Winkelmann, Spiliopoulou 2013, S. 985 ff.]. Abb. 1 f\u00fchrt die einzelnen Inhalte des TM Forums in eine Referenzarchitektur f\u00fcr TK-Unternehmen zusammen.<\/p>\n<p class=\"wl_beschriftung\"><img decoding=\"async\" class=\"image-inline\" src=\"https:\/\/www.wi-lex.de\/wp-content\/uploads\/2021\/02\/Telekommunikationsunternehmen-Anwendungssysteme-fu\u0308r1.jpeg\" alt=\"Referenzarchitektur f\u00fcr TK-Unternehmen\" \/><\/p>\n<p class=\"wl_beschriftung\">\u00a0Abb. 1: Referenzarchitektur f\u00fcr Unternehmen [Czarnecki 2016, S. 809]<\/p>\n<h2><strong>Anwendungssysteme nach Funktionsbereichen<\/strong><\/h2>\n<p align=\"JUSTIFY\">Die Anwendungssysteme von TK-Unternehmen k\u00f6nnen in die folgenden Systemgruppen strukturiert werden [Czarnecki 2013, S. 54 ff.]:<\/p>\n<ol>\n<li>\n<p align=\"JUSTIFY\">Business-Support-Systeme (BSS)<\/p>\n<\/li>\n<li>\n<p align=\"JUSTIFY\">Operations-Support-Systeme<br \/>\n(OSS)<\/p>\n<\/li>\n<li>\n<p align=\"JUSTIFY\">Administrationssysteme<\/p>\n<\/li>\n<li>\n<p align=\"JUSTIFY\">Managementunterst\u00fctzungssysteme<\/p>\n<\/li>\n<li>\n<p align=\"JUSTIFY\"><a class=\"internal-link\" title=\"Supply Chain Management-System\" href=\"..\/..\/lexikon\/informationssysteme\/crm-scm-und-electronic-business\/Supply-Chain-Management\/Supply-Chain-Management-System\">Supply-Chain-Management<\/a>-Systeme<\/p>\n<\/li>\n<\/ol>\n<p align=\"JUSTIFY\">Als dom\u00e4nenspezifische Anwendungssysteme zur Unterst\u00fctzung der Kernprozesse sind BSS und OSS anzusehen [Bruce et al. 2008, S. 15; Kelly 2003, S. 109; Czarnecki, Dietze 2017b, S. 155]. BSS unterst\u00fctzen die Funktionalit\u00e4ten aus Sicht des Vertriebs und des Kundenservice. Somit ist z. B. ein CRM-System ein Bestandteil der BSS. Typische Funktionsbereiche von BSS sind [Czarnecki 2013, S. 100]:<\/p>\n<ul>\n<li>\n<p align=\"JUSTIFY\">Kampagnenmanagement<\/p>\n<\/li>\n<li>\n<p align=\"JUSTIFY\">Vertriebsmanagement<\/p>\n<\/li>\n<li>\n<p align=\"JUSTIFY\">Produktmanagement<\/p>\n<\/li>\n<li>\n<p align=\"JUSTIFY\">Management der Selbstbedienung des Kunden<\/p>\n<\/li>\n<li>\n<p align=\"JUSTIFY\">Management von Kundeninformationen<\/p>\n<\/li>\n<li>\n<p align=\"JUSTIFY\">Kundenkontaktmanagement<\/p>\n<\/li>\n<li>\n<p align=\"JUSTIFY\">Kundenbindung<\/p>\n<\/li>\n<li>\n<p align=\"JUSTIFY\">Kundenauftragsmanagement<\/p>\n<\/li>\n<li>\n<p align=\"JUSTIFY\">Management von Kundenbeschwerden &amp; -st\u00f6rungen<\/p>\n<\/li>\n<li>\n<p align=\"JUSTIFY\">Abrechnung<\/p>\n<\/li>\n<\/ul>\n<p align=\"JUSTIFY\">OSS sind Anwendungssysteme zur Unterst\u00fctzung von Betrieb und Wartung der Kommunikationsinfrastruktur (z. B. Netzelemente der System- und Linientechnik) [Czarnecki, Dietze 2017b, S. 178]. Sie sind aus dem Bedarf entstanden, nachrichtentechnische Aufgaben von Telekommunikationsnetzen zu automatisieren. So werden z. B. bei Mobilfunknetzen die Aufgaben der Betriebstechnikzentrale in Bezug auf Funkvermittlung und Funkfeststationen durch ein OSS unterst\u00fctzt. Durch diese historische N\u00e4he zur Nachrichtentechnik wurden OSS meist als monolithische Systeme um Netztechnologien herum konzipiert [Bruce et al. 2008, S. 17\u201318] und von den Herstellern der Netzelemente als technologiespezifische L\u00f6sungen angeboten [Misra 2004, S. 3]. Dies hat dazu gef\u00fchrt, dass TK-Unternehmen h\u00e4ufig \u00fcber eine Vielzahl technologiespezifischer <a class=\"internal-link\" title=\"Abl\u00f6sung von Altsystemen\" href=\"..\/..\/lexikon\/is-management\/Integration-und-Migration-von-IT-Systemen\/Ablosung-von-Altsystemen\">Altsysteme <\/a>(Legacy-Systeme) verf\u00fcgen. Typische Funktionsbereiche von OSS sind [Czarnecki 2013, S. 100]:<\/p>\n<ul>\n<li>\n<p align=\"JUSTIFY\">Auftragsmanagement f\u00fcr Dienste<\/p>\n<\/li>\n<li>\n<p align=\"JUSTIFY\">Management der Dienstequalit\u00e4t und -performance<\/p>\n<\/li>\n<li>\n<p align=\"JUSTIFY\">Problemmanagement f\u00fcr Dienste<\/p>\n<\/li>\n<li>\n<p align=\"JUSTIFY\">Management von Katalogen und Bestandsverzeichnissen f\u00fcr Dienste<\/p>\n<\/li>\n<li>\n<p align=\"JUSTIFY\">Management der Bestandsverzeichnisse von Ressourcen<\/p>\n<\/li>\n<li>\n<p align=\"JUSTIFY\">Management des Lebenszyklus von Ressourcen<\/p>\n<\/li>\n<li>\n<p align=\"JUSTIFY\">Auftragsmanagement von Ressourcen<\/p>\n<\/li>\n<li>\n<p align=\"JUSTIFY\">St\u00f6rungsmanagement von Ressourcen<\/p>\n<\/li>\n<li>\n<p align=\"JUSTIFY\">Geb\u00fchrenerfassung<\/p>\n<\/li>\n<\/ul>\n<p align=\"JUSTIFY\">W\u00e4hrend BSS und OSS spezifisch f\u00fcr TK-Unternehmen sind, sind die weiteren Systemgruppen als generisch anzusehen. Administrationssysteme unterst\u00fctzen die verwaltenden T\u00e4tigkeiten wie z.\u00a0B. Beschaffung, Personal und <a class=\"internal-link\" title=\"Finanz- und Rechnungswesen, Informationssysteme im\" href=\"..\/wilex3\/copy148_of_index.html\">Rechnungswesen<\/a>. Managementunterst\u00fctzungssysteme fassen s\u00e4mtliche Systeme zusammen, die bei Planungs-, Organisations-, Kontroll- und Steuerungsaufgaben unterst\u00fctzen. Aufgrund der Fragmentierung der Wertsch\u00f6pfungsketten stellen <a class=\"internal-link\" title=\"Supply Chain Management-System\" href=\"..\/..\/lexikon\/informationssysteme\/crm-scm-und-electronic-business\/Supply-Chain-Management\/Supply-Chain-Management-System\/index.html\">Supply-Chain-Management-Systeme<\/a> eine wachsende Bedeutung f\u00fcr TK-Unternehmen dar. Neben den Systemen zum<br \/>\nManagement von Partnern und Lieferanten umfasst diese Gruppe auch die<br \/>\nspezifischen Funktionalit\u00e4ten f\u00fcr Interconnect und Roaming.<\/p>\n<p align=\"JUSTIFY\">Am Markt werden vielf\u00e4ltige Standardsoftwareprodukte f\u00fcr die dargestellten Systemgruppen angeboten. Typische Beispiele f\u00fcr Anbieter von spezifischen Softwarel\u00f6sungen f\u00fcr TK-Unternehmen sind u. a. Alcatel-Lucent, Amdocs, Ericsson, Huawei, Netcracker und Oracle. Auf der Website des <a class=\"external-link\" href=\"http:\/\/www.tmforum.org\/\" target=\"_blank\" rel=\"noopener\">TM Forums<\/a> ist eine aktuelle \u00dcbersicht von Softwareprodukten verf\u00fcgbar, die basierend auf den Referenzmodellen <a class=\"internal-link\" title=\"enhanced Telecom Operations Map\" href=\"..\/..\/lexikon\/daten-wissen\/Grundlagen-der-Informationsversorgung\/etom-1\/enhanced-telecom-operations-map\">eTOM<\/a>, SID und TAM zertifiziert wurden [TM Forum 2019b].<\/p>\n<hr \/>\n<h3>Literatur<\/h3>\n<p>Alpar, Paul; Alt, Rainer; Bensberg, Frank; Grob, Heinz Lothar; Weimann, Peter; Winter, Robert: Anwendungsorientierte Wirtschaftsinformatik \u2013 Strategische Planung, Entwicklung und Nutzung von Informationssystemen. 8. Aufl., Wiesbaden : Springer Vieweg, 2016.<\/p>\n<p>Bruce, Gary; Naughton, Brian; Trew, Dave; Parsons, Martine; Robson, Paul: Streamlining the telco production line. Journal of Telecommunications Management, 2018, S. 15\u201332.<\/p>\n<p>Czarnecki, Christian: Entwicklung einer referenzmodellbasierten Unternehmensarchitektur f\u00fcr die Telekommunikationsindustrie, Berlin : Logos, 2013.<\/p>\n<p>Czarnecki, Christian; Winkelmann, Axel; Spiliopoulou, Myra: Transformation in Telecommunication \u2013 Analyse und Clustering von Real-life Projekten. In: Mattfeld, Dirk Christian; Robra-Bissantz, Susanne (Hrsg.): Multi-Konferenz Wirtschaftsinformatik 2012 \u2013 Tagungsband der MKWI 2012, Braunschweig: GITO Verlag, 2012, S. 985\u2013998.<\/p>\n<p>Czarnecki, Christian: Design und Nutzung einer industriespezifischen Referenzarchitektur f\u00fcr die Telekommunikationsindustrie. In: Mayr, Heinrich C.; Pinzger, Martin (Hrsg.): INFORMATIK 2016, Lecture Notes in Informatics (LNI), Volume P-259, Bonn: K\u00f6llen Druck+Verlag, 2016, S. 807-814.<\/p>\n<p>Czarnecki, Christian; Dietze, Christian: Domain-Specific Reference Modeling in the Telecommunications Industry. In: Maedche, Alexander; vom Brocke, Jan; Hevner, Alan (Hrsg.): Designing the Digital Transformation, DESRIST 2017, Lecture Notes in Computer Science, Volume 10243, Cham: Springer Nature, 2017a, S. 313-329.<\/p>\n<p>Czarnecki, Christian; Dietze, Christian: Reference Architecture for the Telecommunications Industry: Transformation of Strategy, Organization, Processes, Data, and Applications. Cham : Springer International Publishing, 2017b.<\/p>\n<p>Kelly, Michael B.: The TeleManagement Forum\u2019s Enhanced Telecom Operations Map (eTOM). Journal of Network and Systems Management, 2003. S. 109\u2013119.<\/p>\n<p>Misra, Kundan: OSS for telecom networks: An introduction to network management. London: Springer-Verlag London, 2004.<\/p>\n<p>TM Forum: About TM Forum. http:\/\/www.tmforum.org\/about-tm-forum\/ (Abruf 2019-01-09a).<\/p>\n<p>TM Forum: Conformance Certification. http:\/\/www.tmforum.org\/certifications-awarded\/ (Abruf 2019-01-09b).<\/p>\n<p>&nbsp;<\/p>\n","protected":false},"excerpt":{"rendered":"<p>Christian Czarnecki,\u00a0Frank Bensberg Der Betrieb und Handel mit Telekommunikationsdienstleistungen erfordert einen hohen Automatisierungsgrad, der durch verschiedene Arten von Anwendungssystemen gew\u00e4hrleistet wird. Telekommunikationsmarkt Der Telekommunikationsmarkt durchl\u00e4uft derzeit eine umfassende Transformation, die sich auf Strategie, Struktur und Technologie der Akteure entlang der <a href=\"https:\/\/wi-lex.de\/lexikon\/inner-und-ueberbetriebliche-informationssysteme\/sektorspezifische-anwendungssysteme\/telekommunikationsunternehmen-anwendungssysteme-fuer\/\" class=\"read-more\">Read More &#8230;<\/a><\/p>\n","protected":false},"author":568,"featured_media":0,"parent":9320,"menu_order":19,"comment_status":"open","ping_status":"open","template":"","meta":{"footnotes":""},"class_list":["post-6912","page","type-page","status-publish","hentry"],"_links":{"self":[{"href":"https:\/\/wi-lex.de\/wp-json\/wp\/v2\/pages\/6912","targetHints":{"allow":["GET"]}}],"collection":[{"href":"https:\/\/wi-lex.de\/wp-json\/wp\/v2\/pages"}],"about":[{"href":"https:\/\/wi-lex.de\/wp-json\/wp\/v2\/types\/page"}],"author":[{"embeddable":true,"href":"https:\/\/wi-lex.de\/wp-json\/wp\/v2\/users\/568"}],"replies":[{"embeddable":true,"href":"https:\/\/wi-lex.de\/wp-json\/wp\/v2\/comments?post=6912"}],"version-history":[{"count":8,"href":"https:\/\/wi-lex.de\/wp-json\/wp\/v2\/pages\/6912\/revisions"}],"predecessor-version":[{"id":14216,"href":"https:\/\/wi-lex.de\/wp-json\/wp\/v2\/pages\/6912\/revisions\/14216"}],"up":[{"embeddable":true,"href":"https:\/\/wi-lex.de\/wp-json\/wp\/v2\/pages\/9320"}],"wp:attachment":[{"href":"https:\/\/wi-lex.de\/wp-json\/wp\/v2\/media?parent=6912"}],"curies":[{"name":"wp","href":"https:\/\/api.w.org\/{rel}","templated":true}]}}