{"id":690,"date":"2019-02-16T09:28:07","date_gmt":"2019-02-16T08:28:07","guid":{"rendered":"http:\/\/localhost\/wordpress\/eymann-prof-dr-torsten\/"},"modified":"2019-04-17T19:35:00","modified_gmt":"2019-04-17T17:35:00","slug":"eymann-prof-dr-torsten","status":"publish","type":"page","link":"https:\/\/wi-lex.de\/autoren\/autorenverzeichnis\/eymann-prof-dr-torsten\/","title":{"rendered":"Eymann, Prof. Dr. Torsten"},"content":{"rendered":"<hr \/>\n<p align=\"JUSTIFY\"><em>Prof. Dr. Torsten Eymann, Universit\u00e4t Bayreuth, Rechts- und Wirtschaftswissenschaftliche Fakult\u00e4t, Lehrstuhl f\u00fcr Wirtschaftsinformatik &#8211; BWL VII, Universit\u00e4tsstra\u00dfe 30, 95447 Bayreuth<\/em><\/p>\n<p>&nbsp;<\/p>\n<h2>Arbeitsschwerpunkte<img loading=\"lazy\" decoding=\"async\" class=\"image-inline image-inline alignright\" src=\"https:\/\/www.wi-lex.de\/wp-content\/uploads\/Autoren\/E\/Eymann-Prof.-Dr.-Torsten.jpg\" alt=\"\" width=\"182\" height=\"237\" \/><\/h2>\n<ul>\n<li>Internet of Services (Grid, Cloud Computing)<\/li>\n<li>Internet of Things (Ubiquitous, Pervasive Computing)<\/li>\n<li>Risikomanagement f\u00fcr IT-Infrastrukturen<\/li>\n<li>Selbstorganisation in Multiagenten-Systemen<\/li>\n<\/ul>\n<h2>Besucheradresse<\/h2>\n<p>Universit\u00e4t Bayreuth<br \/>\nRechts- und Wirtschaftswissenschaftliche Fakult\u00e4t<br \/>\nLehrstuhl f\u00fcr Wirtschaftsinformatik &#8211; BWL VII<br \/>\nUniversit\u00e4tsstra\u00dfe 30<br \/>\n95447 Bayreuth<\/p>\n<h2>Kommunikation<\/h2>\n<p>E-Mail: <a href=\"mailto:wi@uni-bayreuth.de\">wi@uni-bayreuth.de<\/a><br \/>\nTelefon: +49 (921) 55-7661<br \/>\nHomepage: <a href=\"http:\/\/www.wi.uni-bayreuth.de\/team.0.html\" target=\"_blank\" rel=\"noopener\">http:\/\/www.wi.uni-bayreuth.de\/team.0.html<\/a><\/p>\n","protected":false},"excerpt":{"rendered":"<p>Prof. Dr. Torsten Eymann, Universit\u00e4t Bayreuth, Rechts- und Wirtschaftswissenschaftliche Fakult\u00e4t, Lehrstuhl f\u00fcr Wirtschaftsinformatik &#8211; BWL VII, Universit\u00e4tsstra\u00dfe 30, 95447 Bayreuth &nbsp; Arbeitsschwerpunkte Internet of Services (Grid, Cloud Computing) Internet of Things (Ubiquitous, Pervasive Computing) Risikomanagement f\u00fcr IT-Infrastrukturen Selbstorganisation in Multiagenten-Systemen <a href=\"https:\/\/wi-lex.de\/autoren\/autorenverzeichnis\/eymann-prof-dr-torsten\/\" class=\"read-more\">Read More &#8230;<\/a><\/p>\n","protected":false},"author":568,"featured_media":0,"parent":319,"menu_order":61,"comment_status":"open","ping_status":"closed","template":"","meta":{"footnotes":""},"class_list":["post-690","page","type-page","status-publish","hentry"],"_links":{"self":[{"href":"https:\/\/wi-lex.de\/wp-json\/wp\/v2\/pages\/690","targetHints":{"allow":["GET"]}}],"collection":[{"href":"https:\/\/wi-lex.de\/wp-json\/wp\/v2\/pages"}],"about":[{"href":"https:\/\/wi-lex.de\/wp-json\/wp\/v2\/types\/page"}],"author":[{"embeddable":true,"href":"https:\/\/wi-lex.de\/wp-json\/wp\/v2\/users\/568"}],"replies":[{"embeddable":true,"href":"https:\/\/wi-lex.de\/wp-json\/wp\/v2\/comments?post=690"}],"version-history":[{"count":0,"href":"https:\/\/wi-lex.de\/wp-json\/wp\/v2\/pages\/690\/revisions"}],"up":[{"embeddable":true,"href":"https:\/\/wi-lex.de\/wp-json\/wp\/v2\/pages\/319"}],"wp:attachment":[{"href":"https:\/\/wi-lex.de\/wp-json\/wp\/v2\/media?parent=690"}],"curies":[{"name":"wp","href":"https:\/\/api.w.org\/{rel}","templated":true}]}}