{"id":658,"date":"2019-02-16T09:28:04","date_gmt":"2019-02-16T08:28:04","guid":{"rendered":"http:\/\/localhost\/wordpress\/peters-dr-christoph\/"},"modified":"2022-06-29T11:26:35","modified_gmt":"2022-06-29T09:26:35","slug":"peters-dr-christoph","status":"publish","type":"page","link":"https:\/\/wi-lex.de\/autoren\/autorenverzeichnis\/peters-dr-christoph\/","title":{"rendered":"Peters, Dr. Christoph"},"content":{"rendered":"<hr \/>\n<p align=\"JUSTIFY\"><em>Universit\u00e4t St. Gallen, Institut f\u00fcr Wirtschaftsinformatik,\u00a0M\u00fcller-Friedberg-Strasse 6\/8,\u00a09000 St. Gallen<\/em><\/p>\n<p>&nbsp;<\/p>\n<h2>Arbeitsschwerpunkte<img loading=\"lazy\" decoding=\"async\" class=\"image-inline image-inline alignright\" src=\"https:\/\/www.wi-lex.de\/wp-content\/uploads\/Autoren\/P\/peters_christoph.jpeg\" alt=\"\" width=\"182\" height=\"237\" \/><\/h2>\n<ul>\n<li>Hybride Intelligenz<\/li>\n<li>KI- und sprachbasierte Bots, RPA, BI<\/li>\n<li>Dienstleistungen und Gesch\u00e4ftsprozesse<\/li>\n<li>Ko-Kreation f\u00fcr digitale Dienstleistungsinnovationen<\/li>\n<li>Organisationen von Morgen: Architekturen, Plattformen, Agilit\u00e4t<\/li>\n<li>Digitale und agile Arbeit, u.a. Crowdwork<\/li>\n<li>Soziotechnische Systeme und Menschzentrierung<\/li>\n<li>Start-ups, Unternehmertum und Gesch\u00e4ftsmodelle<\/li>\n<li>Dom\u00e4nen: IT, IT Supply Chain, eHealth, Smart City<\/li>\n<\/ul>\n<h2>Besucheradresse<\/h2>\n<p>B\u00fcro 52-6010<\/p>\n<p>M\u00fcller-Friedberg-Strasse 6\/8,<\/p>\n<p>9000 St. Gallen<\/p>\n<h2>Kommunikation<\/h2>\n<h5>University of St. Gallen:<\/h5>\n<p>E-Mail: <a href=\"mailto:christoph.peters@unisg.ch\">christoph.peters@unisg.ch<\/a><br \/>\nTelefon: +41 71 224 3717<br \/>\nHomepage:\u00a0https:\/\/iwi.unisg.ch\/team\/christophpeters\/<\/p>\n","protected":false},"excerpt":{"rendered":"<p>Universit\u00e4t St. Gallen, Institut f\u00fcr Wirtschaftsinformatik,\u00a0M\u00fcller-Friedberg-Strasse 6\/8,\u00a09000 St. Gallen &nbsp; Arbeitsschwerpunkte Hybride Intelligenz KI- und sprachbasierte Bots, RPA, BI Dienstleistungen und Gesch\u00e4ftsprozesse Ko-Kreation f\u00fcr digitale Dienstleistungsinnovationen Organisationen von Morgen: Architekturen, Plattformen, Agilit\u00e4t Digitale und agile Arbeit, u.a. Crowdwork Soziotechnische Systeme <a href=\"https:\/\/wi-lex.de\/autoren\/autorenverzeichnis\/peters-dr-christoph\/\" class=\"read-more\">Read More &#8230;<\/a><\/p>\n","protected":false},"author":568,"featured_media":0,"parent":319,"menu_order":151,"comment_status":"open","ping_status":"closed","template":"","meta":{"footnotes":""},"class_list":["post-658","page","type-page","status-publish","hentry"],"_links":{"self":[{"href":"https:\/\/wi-lex.de\/wp-json\/wp\/v2\/pages\/658","targetHints":{"allow":["GET"]}}],"collection":[{"href":"https:\/\/wi-lex.de\/wp-json\/wp\/v2\/pages"}],"about":[{"href":"https:\/\/wi-lex.de\/wp-json\/wp\/v2\/types\/page"}],"author":[{"embeddable":true,"href":"https:\/\/wi-lex.de\/wp-json\/wp\/v2\/users\/568"}],"replies":[{"embeddable":true,"href":"https:\/\/wi-lex.de\/wp-json\/wp\/v2\/comments?post=658"}],"version-history":[{"count":3,"href":"https:\/\/wi-lex.de\/wp-json\/wp\/v2\/pages\/658\/revisions"}],"predecessor-version":[{"id":16386,"href":"https:\/\/wi-lex.de\/wp-json\/wp\/v2\/pages\/658\/revisions\/16386"}],"up":[{"embeddable":true,"href":"https:\/\/wi-lex.de\/wp-json\/wp\/v2\/pages\/319"}],"wp:attachment":[{"href":"https:\/\/wi-lex.de\/wp-json\/wp\/v2\/media?parent=658"}],"curies":[{"name":"wp","href":"https:\/\/api.w.org\/{rel}","templated":true}]}}