{"id":646,"date":"2019-02-16T09:28:04","date_gmt":"2019-02-16T08:28:04","guid":{"rendered":"http:\/\/localhost\/wordpress\/breitner-prof-dr-michael-h\/"},"modified":"2022-06-27T14:46:40","modified_gmt":"2022-06-27T12:46:40","slug":"breitner-prof-dr-michael-h","status":"publish","type":"page","link":"https:\/\/wi-lex.de\/autoren\/autorenverzeichnis\/breitner-prof-dr-michael-h\/","title":{"rendered":"Breitner, Prof. Dr. Michael H."},"content":{"rendered":"<hr \/>\n<p align=\"JUSTIFY\"><em>Prof. Dr. Michael H. Breitner, Leibniz Universit\u00e4t Hannover, Institut f\u00fcr Wirtschaftsinformatik, K\u00f6nigsworther Platz 1, 30167 Hannover<\/em><\/p>\n<p>&nbsp;<\/p>\n<h2>Arbeitsschwerpunkte<img loading=\"lazy\" decoding=\"async\" class=\"image-inline image-inline alignright\" src=\"https:\/\/www.wi-lex.de\/wp-content\/uploads\/Autoren\/B\/Breitner-Prof.-Dr.-Michael-H..jpg\" alt=\"\" width=\"182\" height=\"237\" \/><\/h2>\n<ul>\n<li>Gesch\u00e4ftsmodelle, Wirtschaftlichkeitsanalysen und Technologiefolgenabsch\u00e4tzungen<\/li>\n<li>K\u00fcnstliche Intelligenz, insbes. K\u00fcnstliche Neuronale Netze und Neurosimulator FAUN<\/li>\n<li>Energieinformatik<\/li>\n<li>E-Learning und M-Learning, u.a. UbiLearn- und UbiMotion-Systeme<\/li>\n<li>Mobile Applikationen (Mikrobrowser) und Apps<\/li>\n<li>Hochschul-Informationssysteme und -IT<\/li>\n<\/ul>\n<h2>Besucheradresse<\/h2>\n<p>Leibniz Universit\u00e4t Hannover<br \/>\nInstitut f\u00fcr Wirtschaftsinformatik<br \/>\nK\u00f6nigsworther Platz 1<br \/>\n30167 Hannover<\/p>\n<h2>Kommunikation<\/h2>\n<p>E-Mail: <a href=\"mailto:breitner@iwi.uni-hannover.de\">breitner@iwi.uni-hannover.de<\/a><br \/>\nTelefon: 0511\/762-4901<br \/>\nHomepage: <a href=\"https:\/\/www.iwi.uni-hannover.de\/breitner.html\" target=\"_blank\" rel=\"noopener\"> https:\/\/www.iwi.uni-hannover.de\/breitner.html<\/a><\/p>\n","protected":false},"excerpt":{"rendered":"<p>Prof. Dr. Michael H. Breitner, Leibniz Universit\u00e4t Hannover, Institut f\u00fcr Wirtschaftsinformatik, K\u00f6nigsworther Platz 1, 30167 Hannover &nbsp; Arbeitsschwerpunkte Gesch\u00e4ftsmodelle, Wirtschaftlichkeitsanalysen und Technologiefolgenabsch\u00e4tzungen K\u00fcnstliche Intelligenz, insbes. K\u00fcnstliche Neuronale Netze und Neurosimulator FAUN Energieinformatik E-Learning und M-Learning, u.a. UbiLearn- und UbiMotion-Systeme Mobile <a href=\"https:\/\/wi-lex.de\/autoren\/autorenverzeichnis\/breitner-prof-dr-michael-h\/\" class=\"read-more\">Read More &#8230;<\/a><\/p>\n","protected":false},"author":568,"featured_media":0,"parent":319,"menu_order":42,"comment_status":"open","ping_status":"closed","template":"","meta":{"footnotes":""},"class_list":["post-646","page","type-page","status-publish","hentry"],"_links":{"self":[{"href":"https:\/\/wi-lex.de\/wp-json\/wp\/v2\/pages\/646","targetHints":{"allow":["GET"]}}],"collection":[{"href":"https:\/\/wi-lex.de\/wp-json\/wp\/v2\/pages"}],"about":[{"href":"https:\/\/wi-lex.de\/wp-json\/wp\/v2\/types\/page"}],"author":[{"embeddable":true,"href":"https:\/\/wi-lex.de\/wp-json\/wp\/v2\/users\/568"}],"replies":[{"embeddable":true,"href":"https:\/\/wi-lex.de\/wp-json\/wp\/v2\/comments?post=646"}],"version-history":[{"count":1,"href":"https:\/\/wi-lex.de\/wp-json\/wp\/v2\/pages\/646\/revisions"}],"predecessor-version":[{"id":16283,"href":"https:\/\/wi-lex.de\/wp-json\/wp\/v2\/pages\/646\/revisions\/16283"}],"up":[{"embeddable":true,"href":"https:\/\/wi-lex.de\/wp-json\/wp\/v2\/pages\/319"}],"wp:attachment":[{"href":"https:\/\/wi-lex.de\/wp-json\/wp\/v2\/media?parent=646"}],"curies":[{"name":"wp","href":"https:\/\/api.w.org\/{rel}","templated":true}]}}