{"id":638,"date":"2019-02-16T09:28:04","date_gmt":"2019-02-16T08:28:04","guid":{"rendered":"http:\/\/localhost\/wordpress\/bodendorf-prof-dr-freimut\/"},"modified":"2022-06-27T14:43:12","modified_gmt":"2022-06-27T12:43:12","slug":"bodendorf-prof-dr-freimut","status":"publish","type":"page","link":"https:\/\/wi-lex.de\/autoren\/autorenverzeichnis\/bodendorf-prof-dr-freimut\/","title":{"rendered":"Bodendorf, Prof. Dr. Freimut"},"content":{"rendered":"<hr \/>\n<p align=\"JUSTIFY\"><em>Prof. Dr. Freimut Bodendorf, Friedrich-Alexander-Universit\u00e4t Erlangen-N\u00fcrnberg, Lehrstuhl Wirtschaftsinformatik II, Lange Gasse 20, 90403 N\u00fcrnberg<\/em><\/p>\n<p>&nbsp;<\/p>\n<h2>Arbeitsschwerpunkte<img loading=\"lazy\" decoding=\"async\" class=\"image-inline image-inline alignright\" src=\"https:\/\/www.wi-lex.de\/wp-content\/uploads\/Autoren\/B\/Bodendorf-Prof.-Dr.-Freimut.jpg\" alt=\"\" width=\"182\" height=\"237\" \/><\/h2>\n<ul>\n<li>Neue Technologien und innovative L\u00f6sungen im Dienstleistungsmanagement<\/li>\n<li>Gesch\u00e4ftsprozessmanagement<\/li>\n<li>Wissensmanagement<\/li>\n<\/ul>\n<h2>Besucheradresse<\/h2>\n<p>Friedrich-Alexander-Universit\u00e4t Erlangen-N\u00fcrnberg<br \/>\nLehrstuhl Wirtschaftsinformatik II<br \/>\nLange Gasse 20<br \/>\n90403 N\u00fcrnberg<\/p>\n<h2>Kommunikation<\/h2>\n<p>E-Mail: <a href=\"mailto:freimut.bodendorf@fau.de\">freimut.bodendorf@fau.de<\/a><br \/>\nTelefon: 0911 5302-95450<br \/>\nHomepage: <a href=\"https:\/\/www.wiso.rw.fau.de\/forschung\/forschungsprofil\/professorenschaft\/prof-dr-freimut-bodendorf\/\" target=\"_blank\" rel=\"noopener\"> https:\/\/www.wiso.rw.fau.de\/forschung\/forschungsprofil\/professorenschaft\/prof-dr-freimut-bodendorf\/<\/a><\/p>\n","protected":false},"excerpt":{"rendered":"<p>Prof. Dr. Freimut Bodendorf, Friedrich-Alexander-Universit\u00e4t Erlangen-N\u00fcrnberg, Lehrstuhl Wirtschaftsinformatik II, Lange Gasse 20, 90403 N\u00fcrnberg &nbsp; Arbeitsschwerpunkte Neue Technologien und innovative L\u00f6sungen im Dienstleistungsmanagement Gesch\u00e4ftsprozessmanagement Wissensmanagement Besucheradresse Friedrich-Alexander-Universit\u00e4t Erlangen-N\u00fcrnberg Lehrstuhl Wirtschaftsinformatik II Lange Gasse 20 90403 N\u00fcrnberg Kommunikation E-Mail: freimut.bodendorf@fau.de Telefon: <a href=\"https:\/\/wi-lex.de\/autoren\/autorenverzeichnis\/bodendorf-prof-dr-freimut\/\" class=\"read-more\">Read More &#8230;<\/a><\/p>\n","protected":false},"author":568,"featured_media":0,"parent":319,"menu_order":38,"comment_status":"open","ping_status":"closed","template":"","meta":{"footnotes":""},"class_list":["post-638","page","type-page","status-publish","hentry"],"_links":{"self":[{"href":"https:\/\/wi-lex.de\/wp-json\/wp\/v2\/pages\/638","targetHints":{"allow":["GET"]}}],"collection":[{"href":"https:\/\/wi-lex.de\/wp-json\/wp\/v2\/pages"}],"about":[{"href":"https:\/\/wi-lex.de\/wp-json\/wp\/v2\/types\/page"}],"author":[{"embeddable":true,"href":"https:\/\/wi-lex.de\/wp-json\/wp\/v2\/users\/568"}],"replies":[{"embeddable":true,"href":"https:\/\/wi-lex.de\/wp-json\/wp\/v2\/comments?post=638"}],"version-history":[{"count":1,"href":"https:\/\/wi-lex.de\/wp-json\/wp\/v2\/pages\/638\/revisions"}],"predecessor-version":[{"id":16280,"href":"https:\/\/wi-lex.de\/wp-json\/wp\/v2\/pages\/638\/revisions\/16280"}],"up":[{"embeddable":true,"href":"https:\/\/wi-lex.de\/wp-json\/wp\/v2\/pages\/319"}],"wp:attachment":[{"href":"https:\/\/wi-lex.de\/wp-json\/wp\/v2\/media?parent=638"}],"curies":[{"name":"wp","href":"https:\/\/api.w.org\/{rel}","templated":true}]}}