{"id":4658,"date":"2019-04-08T12:33:41","date_gmt":"2019-04-08T10:33:41","guid":{"rendered":"https:\/\/dev.wi-lex.de\/index.php\/taxonomien\/"},"modified":"2022-03-02T15:06:31","modified_gmt":"2022-03-02T14:06:31","slug":"taxonomien","status":"publish","type":"page","link":"https:\/\/wi-lex.de\/lexikon\/informations-daten-und-wissensmanagement\/wissensmanagement\/wissensmodellierung\/wissensrepraesentation\/taxonomien\/","title":{"rendered":"Taxonomien"},"content":{"rendered":"<p><a title=\"Markus Pfuhl\" href=\"https:\/\/www.wi-lex.de\/index.php\/autoren\/autorenverzeichnis\/pfuhl-dr-markus\/\">Markus Pfuhl<\/a><\/p>\n<hr \/>\n<p align=\"JUSTIFY\"><em>Taxonomien k\u00f6nnen sowohl als eigenst\u00e4ndige Werkzeuge als auch als Elemente umfangreicherer Formen der Wissensrepr\u00e4sentation dienen. Im folgenden Beitrag werden der grundlegende Aufbau sowie die Nutzungsm\u00f6glichkeiten von Taxonomien beschrieben.<\/em><\/p>\n<h2>Taxonomien<\/h2>\n<p align=\"JUSTIFY\">Vergleichbar der Taxonomie in der Biologie, die Lebewesen in einem hierarchischen System ordnet, werden mit Taxonomien in der Informationstechnologie alle hierarchisch gegliederten Klasseneinteilungen eines Gegenstandsbereiches bezeichnet [vgl. Schmaltz 2004, S. 5]. Taxonomien definieren Klassen von Objekten und Beziehungen zwischen diesen, enthalten aber keine Beschreibungen bzw. Definitionen von Objekten [vgl. Berners-Lee, Hendler, Lassila 2001, S. 27]. Die h\u00e4ufigste Erscheinungsform sind geordnete Begriffsmengen. Die Begriffe einer Taxonomie sind baumartig angeordnet, so dass mit zunehmender Tiefe ihre Spezifit\u00e4t zunimmt.<\/p>\n<p align=\"JUSTIFY\">Vergleicht man den Formalisierungsgrad und das damit einhergehende Potential f\u00fcr Schlussfolgerungen mit anderen Formen der Wissensrepr\u00e4sentation, so k\u00f6nnen Taxonomien zwischen <a class=\"internal-link\" title=\"Ontologien\" href=\"..\/Ontologien\">Ontologien <\/a>und weniger geordneten Formen der Repr\u00e4sentation, wie Mindmaps oder Pathfinder Networks, wie in Abbildung 1 dargestellt, eingeordnet werden.<\/p>\n<p align=\"JUSTIFY\"><img decoding=\"async\" class=\"image-inline\" src=\"https:\/\/www.wi-lex.de\/wp-content\/uploads\/2021\/02\/Taxonomien1.jpeg\" alt=\"Taxonomien_Abbildung_1\" \/><\/p>\n<p class=\"wl_beschriftung\">Abb. 1: Einordnung der Taxonomien in verschiedene Formen der Wissensrepr\u00e4sentation [in Anlehnung an Brewster, Wilks 2004, S. 6 und Ulrich, Maier, Angele 2003, S. 2].<\/p>\n<p align=\"JUSTIFY\">Formal kann eine Taxonomie als (Halb-)ordnungsrelation in einer Menge von Objekten angesehen werden, die Zuordnungen zwischen den Objekten herstellt. Hierbei handelt es sich um eine bin\u00e4re Relation R in einer Menge A, die reflexiv, antisymmetrisch und transitiv ist. Mittels dieser Beschreibung kann eine Taxonomie zur Konstruktion einer <a class=\"internal-link\" title=\"Ontologien\" href=\"..\/Ontologien\/index.html\">Ontologie<\/a> genutzt werden, wie z. B. von [Boszak et al. 2002] beschrieben.<\/p>\n<h2>Nutzung von Taxonomien<\/h2>\n<h3>Anwendungsbereiche von Taxonomien<\/h3>\n<p align=\"JUSTIFY\">Die Anwendungsbereiche von Taxonomien sind vielf\u00e4ltig. Eine naheliegende Anwendung ist die Unterteilung von Gegenstandsbereichen mittels einer Klassifikation. Beispielhaft sei die Klassifikation der Wirtschaftszweige genannt, die der einheitlichen statistischen Erfassung der wirtschaftlichen T\u00e4tigkeiten von Unternehmen, Betrieben und anderen statistischen Einheiten in Deutschland dient (vgl. Abbildung 2). Weitere Klassifikationen bzw. Hierarchien finden sich z. B. unter <a class=\"external-link\" href=\"http:\/\/xml.coverpages.org\/classification.html\" target=\"_blank\" rel=\"noopener\">http:\/\/xml.coverpages.org\/classification.html<\/a>.<\/p>\n<p align=\"JUSTIFY\"><img decoding=\"async\" class=\"image-inline\" src=\"https:\/\/www.wi-lex.de\/wp-content\/uploads\/2021\/02\/Taxonomien2.jpeg\" alt=\"Taxonomien_Abbildung_2\" \/><\/p>\n<p class=\"wl_beschriftung\">Abb. 2: Klassifikation der Wirtschaftszweige [Statistisches Bundesamt, 2008]<\/p>\n<p align=\"JUSTIFY\">Die beschriebenen Klassifikationen k\u00f6nnen in einem weiteren Schritt dazu genutzt werden, Inhalte zu strukturieren und damit die Aufgaben des <a class=\"internal-link\" title=\"Enterprise Content Management\" href=\"..\/..\/..\/..\/..\/Informationsmanagement\/Informationsmanagement--Aufgaben-des\/Enterprise-Content-Management\/\">Content Managements<\/a> zu unterst\u00fctzen. Der dritte zu nennende Anwendungsbereich ist die Nutzung zum <a class=\"internal-link\" title=\"Information Retrieval\" href=\"..\/..\/..\/..\/..\/Datenmanagement\/Daten-\/Information-Retrieval\/\">Information Retrieval<\/a> bzw. als Unterst\u00fctzung von Suchmaschinen. Taxonomien k\u00f6nnen in Kombination mit \u00c4hnlichkeitsma\u00dfen zur strukturierten Suche in Textdokumenten eingesetzt werden [vgl. Pfuhl 2003]. Weitere M\u00f6glichkeiten bestehen in der Nutzung von Taxonomien als Benutzeroberfl\u00e4che f\u00fcr Suchmaschinen, indem der Anwender zun\u00e4chst mittels einer Taxonomie das Interessengebiet eingrenzt, bevor eine Volltextsuche gestartet wird. Erg\u00e4nzend finden sich zahlreiche Ans\u00e4tze, Taxonomien zur Verbesserung von Precision und Recall in Retrievalprozessen einzusetzen. Ein neuerer Ansatz zur Nutzung von Taxonomien ist im Zusammenhang von <a class=\"internal-link\" title=\"Web 2.0\" href=\"..\/..\/..\/..\/..\/..\/technologien-methoden\/Rechnernetz\/Internet\/Web-2-0\/\">Web 2.0<\/a> unter dem Stichwort Folksonomies entstanden.<\/p>\n<h3>Erstellung von Taxonomien<\/h3>\n<p align=\"JUSTIFY\">Neben der Alternative, vorgefertigte Taxonomien zu nutzen, besteht die M\u00f6glichkeit, f\u00fcr das vorliegende Anwendungsgebiet eine spezifische Taxonomie zu entwickeln. Neben der manuellen bzw. semiautomatischen Erstellung bieten sich verschiedene Vorgehensweisen zur automatischen Erstellung von Taxonomien, wie z. B. regelbasierte oder bayesische Verfahren, an. Beispielhaft sei auf [Cimiano, Staab, Tane 2003] verwiesen.<\/p>\n<hr \/>\n<h3>Literatur<\/h3>\n<p>Berners-Lee, Tim; Hendler, James; Lassila, Ora: The Semantic Web. In: Scientific American 5(2001), zitiert aus Scientific American, Special Online Issue (2002), Nr. 2, S. 24-30.<\/p>\n<p>Boszak, Erol et al.: KAON &#8211; Towards a large scale Semantic Web. In: Bauknecht, K.; Tjoa. A. M.; Quirchmayr, G.: E-Commerce and Web Technologies, LNCS 2455. Berlin: Springer, 2002.<\/p>\n<p>Brewster, Christopher; Wilks, Yorick: Ontologies, Taxonomies, Thesauri: Learning from Texts. In: Deegan, M. (Hrsg.): The Use of Computational Linguistics in the Extraction of Keyword Information, Proceedings from Digital Library Content Workshop, Centre for Computing in the Humanities, London: Kings College, 2004.<\/p>\n<p>Cimiano, Philipp; Staab, Steffen; Tane, Julian: Automatic Acquisition from Text: FCA meets NLP. In: Proceedings of the ECML\/PKDD Workshop on Adaptive Text Extraction and Mining. Cavtat-Dubrovnik: 2003. S. 10-17.<\/p>\n<p>Pfuhl, Markus: Case-Based Reasoning auf der Grundlage Relationaler Datenbanken. Wiesbaden: Deutscher Universit\u00e4tsverlag, 2003.<\/p>\n<p>Schmaltz, Robert: Semantic Web Technologien f\u00fcr das Wissensmanagement. In: Schumann, M. (Hrsg.): Arbeitsbericht Nr. 1\/2004, Institut f\u00fcr Wirtschaftsinformatik: Georg-August-Universit\u00e4t G\u00f6ttingen, 2004.<\/p>\n<p>Statistisches Bundesamt: Gliederung der Klassifikation der Wirtschaftszweige 2008. Statistisches Bundesamt Deutschland, 2008.<\/p>\n<p>Ulrich, Mike; Maier, Andreas; Angele, J\u00fcrgen: Taxonomie, Thesaurus, Topic Map, Ontologie &#8211; ein Vergleich. Ontoprise Whitepaper Series, 2003<\/p>\n<p>&nbsp;<\/p>\n","protected":false},"excerpt":{"rendered":"<p>Markus Pfuhl Taxonomien k\u00f6nnen sowohl als eigenst\u00e4ndige Werkzeuge als auch als Elemente umfangreicherer Formen der Wissensrepr\u00e4sentation dienen. Im folgenden Beitrag werden der grundlegende Aufbau sowie die Nutzungsm\u00f6glichkeiten von Taxonomien beschrieben. Taxonomien Vergleichbar der Taxonomie in der Biologie, die Lebewesen in <a href=\"https:\/\/wi-lex.de\/lexikon\/informations-daten-und-wissensmanagement\/wissensmanagement\/wissensmodellierung\/wissensrepraesentation\/taxonomien\/\" class=\"read-more\">Read More &#8230;<\/a><\/p>\n","protected":false},"author":568,"featured_media":0,"parent":4540,"menu_order":1,"comment_status":"open","ping_status":"open","template":"","meta":{"footnotes":""},"class_list":["post-4658","page","type-page","status-publish","hentry"],"_links":{"self":[{"href":"https:\/\/wi-lex.de\/wp-json\/wp\/v2\/pages\/4658","targetHints":{"allow":["GET"]}}],"collection":[{"href":"https:\/\/wi-lex.de\/wp-json\/wp\/v2\/pages"}],"about":[{"href":"https:\/\/wi-lex.de\/wp-json\/wp\/v2\/types\/page"}],"author":[{"embeddable":true,"href":"https:\/\/wi-lex.de\/wp-json\/wp\/v2\/users\/568"}],"replies":[{"embeddable":true,"href":"https:\/\/wi-lex.de\/wp-json\/wp\/v2\/comments?post=4658"}],"version-history":[{"count":16,"href":"https:\/\/wi-lex.de\/wp-json\/wp\/v2\/pages\/4658\/revisions"}],"predecessor-version":[{"id":15798,"href":"https:\/\/wi-lex.de\/wp-json\/wp\/v2\/pages\/4658\/revisions\/15798"}],"up":[{"embeddable":true,"href":"https:\/\/wi-lex.de\/wp-json\/wp\/v2\/pages\/4540"}],"wp:attachment":[{"href":"https:\/\/wi-lex.de\/wp-json\/wp\/v2\/media?parent=4658"}],"curies":[{"name":"wp","href":"https:\/\/api.w.org\/{rel}","templated":true}]}}