{"id":4374,"date":"2019-04-08T12:33:30","date_gmt":"2019-04-08T10:33:30","guid":{"rendered":"https:\/\/dev.wi-lex.de\/index.php\/outsourcing\/"},"modified":"2021-03-04T12:34:35","modified_gmt":"2021-03-04T11:34:35","slug":"outsourcing","status":"publish","type":"page","link":"https:\/\/wi-lex.de\/lexikon\/uebergreifender-teil\/outsourcing\/","title":{"rendered":"Outsourcing"},"content":{"rendered":"<p><a title=\"Gerhard Knolmayer\" href=\"https:\/\/www.wi-lex.de\/index.php\/autoren\/autorenverzeichnis\/knolmayer-prof-dr-dr-h-c-gerhard\/\">Gerhard Knolmayer<\/a><\/p>\n<hr \/>\n<p align=\"JUSTIFY\"><em>Eine wesentliche Entscheidung bei der Organisation der betrieblichen Informationsverarbeitung ist jene nach der internen und\/oder externen Erf\u00fcllung der zugeh\u00f6rigen Aufgaben. Die verschiedenen Aspekte von Outsourcing-Entscheidungen sind zu einem zentralen Thema des Informationsmanagements geworden.<\/em><\/p>\n<h2>Begriff und Abgrenzung<\/h2>\n<p>Der Begriff Outsourcing leitet sich aus &#8222;Outside&#8220; und &#8222;Resourcing&#8220; ab und wurde im Umfeld der damals spektakul\u00e4ren Vereinbarung gepr\u00e4gt, welche Eastman Kodak 1989 mit IBM, DEC und Businessland abschloss. Unter IT-Outsourcing versteht man die mittel- und langfristige Auslagerung bisher innerbetrieblich erf\u00fcllter IT-Aufgaben an ein oder mehrere rechtlich unabh\u00e4ngige Dienstleistungsunternehmen [Mertens, Knolmayer 1998]. Je nach ausgelagerten IT-Aufgaben kann u.a. das Infrastruktur-Outsourcing, das Outsourcing der Anwendungsentwicklung, das Outsourcing des Systembetriebs und das Outsourcing der Softwarewartung unterschieden werden.<\/p>\n<p align=\"JUSTIFY\">Eine Reihe verwandter Begriffe betont spezielle Auspr\u00e4gungsformen des IT-Outsourcings. Dazu geh\u00f6ren Begriffe wie Co-Sourcing (zur Betonung der Zusammenarbeit zwischen Leistungserbringer und -empf\u00e4nger), Multi-Sourcing (Besch\u00e4ftigung mehrerer IT-Leistungserbringer), Outtasking (als Hinweis, dass nur einzelne Aufgaben ausgelagert werden), <em><u>Offshoring<\/u><\/em> und <em><u>Nearshoring<\/u><\/em> (nach der r\u00e4umlichen Distanz der Leistungserbringer) oder Application Service Provisioning (ASP) und <em>Software as a Service<\/em> (SaaS) (bei Bezug weitgehend standardisierter IT-Leistungen \u00fcber das Web). Auch das <em>Cloud Computing<\/em> [Martens, Teuteberg 2012; Schneider, Sunyaeh 2016] besitzt ein Naheverh\u00e4ltnis zum IT-Outsourcing. Bei <em><u>Business Process Outsourcing<\/u><\/em> wird die Auslagerung nicht auf IT-Aufgaben beschr\u00e4nkt, sondern gemeinsam mit dem durch IT zu unterst\u00fctzenden Gesch\u00e4ftsprozess ausgelagert.<\/p>\n<p>Die Vorstellung, man k\u00f6nne die gesamte Informationsverarbeitung auslagern und sich damit von allen IT-Problemen befreien, ist unrealistisch: Aufgaben wie die strategische Planung der IT, Auswahl der Leistungserbringer, Formulierung und \u00dcberwachung der Vertr\u00e4ge und Verfolgung der Entwicklung der IT und der Outsourcing-M\u00e4rkte sind kaum sinnvoll delegierbar.<\/p>\n<h2>Ziele<\/h2>\n<p align=\"JUSTIFY\">Vielfach wird Kostenreduktion als Beweggrund f\u00fcr Outsourcing angesehen. F\u00fcr einen Kostenvergleich sind alle relevanten Teilaufgaben zu ermitteln und ihre interne oder externe Erf\u00fcllung mit Kostensch\u00e4tzungen zu versehen. Koordinationskosten fallen bei Besch\u00e4ftigung externer Leistungserbringer, aber auch bei interner Leistungserstellung an. Voraussetzung f\u00fcr Kostenvergleiche ist eine hinreichend genaue Information \u00fcber den Ist-Zustand der IT und die durch sie verursachten Kosten. Durch Outsourcing wird eine erh\u00f6hte Transparenz bei den (ausgelagerten) IT-Aufgaben und ihrer Erf\u00fcllung erreicht. Dies steigert die Transparenz der IT-Kosten und erleichtert ihre verursachungsgerechte Verrechnung.<\/p>\n<p align=\"JUSTIFY\">Die Entscheidung, ob Outsourcing realisiert werden soll, ist eng mit der Auswahl eines Leistungserbringers verbunden [Knolmayer 1997]. Bei Zusammenarbeit mit mehreren Outsourcing-Anbietern kann es zweckm\u00e4\u00dfig sein, die Koordination dieser Partner einem Generalunternehmer zu \u00fcbertragen.<\/p>\n<p align=\"JUSTIFY\">Oft werden nicht prim\u00e4r Kostenersparnisse, sondern eine bessere Beherrschbarkeit der IT-Systeme, ein sinnvollerer Einsatz interner Personalressourcen, eine die unternehmerischen Ziele besser unterst\u00fctzende IT und\/oder eine h\u00f6here Benutzerakzeptanz der erbrachten Leistungen angestrebt. In Outsourcing-Entscheidungen muss das Management Zielgewichtungen vornehmen. Zur Strukturierung des Vorgehens sind Zusammenstellungen jener Kriterien hilfreich, die in Wissenschaft und Praxis als wichtige Einflussgr\u00f6\u00dfen auf Outsourcing-Entscheidungen definiert und in Argumentenbilanzen zusammengestellt wurden. F\u00fcr die Kategoriengruppen Strategie, Leistung, Kosten, Personal und Finanzen werden in Tabelle 1 die m\u00f6glichen Vor- und Nachteile eines Outsourcings im IT-Bereich zusammengestellt [vgl. Mertens, Knolmayer 1998, S. 33 ff.; Knolmayer, Mittermayer 2000, S. 14 f.].<\/p>\n<table class=\"plain\">\n<tbody>\n<tr>\n<td>\n<p align=\"center\">\u00a0<strong>Kriterien f\u00fcr Outsourcing<\/strong><\/p>\n<\/td>\n<td>\n<p align=\"center\"><strong>Kriterien-gruppe<\/strong><\/p>\n<\/td>\n<td>\n<p align=\"center\"><strong>\u00a0Kriterien wider Outsourcing<\/strong><\/p>\n<\/td>\n<\/tr>\n<tr>\n<td><\/td>\n<td>\n<p align=\"center\"><strong>\u00a0STRATEGIE<\/strong><\/p>\n<\/td>\n<td><\/td>\n<\/tr>\n<tr>\n<td>\n<ul class=\"wl_bullet_me\">\n<li>\n<p align=\"JUSTIFY\">Vorteile \u00fcberschaubarer, schlanker, flexibler Organisationen<\/p>\n<\/li>\n<li>\n<p align=\"JUSTIFY\">Kooperationen in strategischen Allianzen statt vertikaler Hierarchien<\/p>\n<\/li>\n<li>\n<p align=\"JUSTIFY\">Konzentration auf das Kerngesch\u00e4ft<\/p>\n<\/li>\n<li>\n<p align=\"JUSTIFY\">Konzentration auf strategisch wichtige Fach- und IT-Aufgaben<\/p>\n<\/li>\n<li>\n<p align=\"JUSTIFY\">Beschleunigte Umsetzung von <a class=\"internal-link\" title=\"Software-Reengineering\" href=\"..\/..\/..\/is-management\/Integration-und-Migration-von-IT-Systemen\/Software-Reengineering\/index.html\">Reengineering<\/a>-Vorhaben<\/p>\n<\/li>\n<li>\n<p align=\"JUSTIFY\">Verbesserte F\u00fchrbarkeit des IT-Bereiches<\/p>\n<\/li>\n<li>\n<p align=\"JUSTIFY\">Innovative, auf neuestem Stand der Technik befindliche IT-L\u00f6sungen<\/p>\n<\/li>\n<li>\n<p align=\"JUSTIFY\">Standardisierung der eingesetzten IT-Systeme<\/p>\n<\/li>\n<li>\n<p align=\"JUSTIFY\">Reduktion des Risikos der Erf\u00fcllung von IT-Aufgaben<\/p>\n<\/li>\n<li>\n<p align=\"JUSTIFY\"><a class=\"internal-link\" title=\"IT-Governance\" href=\"..\/..\/..\/daten-wissen\/Grundlagen-der-Informationsversorgung\/IT-Governance\/index.html\">IT Governance<\/a> und <a class=\"internal-link\" title=\"Compliance\" href=\"..\/..\/..\/daten-wissen\/Grundlagen-der-Informationsversorgung\/Compliance\/index.html\">Compliance<\/a>-Nachweise durch den Outsourcing-Leistungserbringer<\/p>\n<\/li>\n<\/ul>\n<\/td>\n<td><\/td>\n<td>\n<ul class=\"wl_bullet_me\">\n<li>\n<p align=\"JUSTIFY\">Wettbewerbsrelevanz bestimmter IT-Aufgaben<\/p>\n<\/li>\n<li>\n<p align=\"JUSTIFY\">Unterschiedliche Unternehmenskulturen<\/p>\n<\/li>\n<li>\n<p align=\"JUSTIFY\">St\u00f6rung zusammengeh\u00f6render Prozesse<\/p>\n<\/li>\n<li>\n<p align=\"JUSTIFY\">Risiken aus der Zusammenarbeit<\/p>\n<\/li>\n<li>\n<p align=\"JUSTIFY\">Vertraulichkeit von Gesch\u00e4ftsprozessen und -daten<\/p>\n<\/li>\n<li>\n<p align=\"JUSTIFY\">Entstehen irreversibler Abh\u00e4ngigkeiten<\/p>\n<\/li>\n<li>\n<p align=\"JUSTIFY\">Starke Machtposition des Outsourcing-Leistungserbringers insbesondere bei Realisierung von Individuall\u00f6sungen durch Wissensmonopole<\/p>\n<\/li>\n<li>\n<p align=\"JUSTIFY\">Verlust von IT Know-how<\/p>\n<\/li>\n<li>\n<p align=\"JUSTIFY\">Probleme gegen Ende der Vertragslaufzeit<\/p>\n<\/li>\n<\/ul>\n<\/td>\n<\/tr>\n<tr>\n<td><\/td>\n<td>\n<p align=\"center\"><strong>\u00a0LEISTUNG<\/strong><\/p>\n<\/td>\n<td><\/td>\n<\/tr>\n<tr>\n<td>\n<ul class=\"wl_bullet_me\">\n<li>\n<p align=\"JUSTIFY\">Hohe, vielf\u00e4ltige Kompetenz des Dienstleistungsunternehmens<\/p>\n<\/li>\n<li>\n<p align=\"JUSTIFY\">Fachkundige Investitions- und Katastrophenplanung<\/p>\n<\/li>\n<li>\n<p align=\"JUSTIFY\">Rasche Verf\u00fcgbarkeit von Kapazit\u00e4ten<\/p>\n<\/li>\n<li>\n<p align=\"JUSTIFY\">Erh\u00f6hung der Betriebssicherheit<\/p>\n<\/li>\n<li>\n<p align=\"JUSTIFY\">Zugang zu intern fehlendem IT Know-how<\/p>\n<\/li>\n<li>\n<p align=\"JUSTIFY\">Nutzung der Erfahrungen von Outsourcing-Leistungserbringern z.B. bei Konversionen\u00a0 und Konsolidierungen<\/p>\n<\/li>\n<li>\n<p align=\"JUSTIFY\">Sicherstellung des betrieblich notwendigen Angebots an IT-L\u00f6sungen<\/p>\n<\/li>\n<li>\n<p align=\"JUSTIFY\">Klar definierte Leistungen und Verantwortlichkeiten<\/p>\n<\/li>\n<\/ul>\n<\/td>\n<td><\/td>\n<td>\n<ul class=\"wl_bullet_me\">\n<li>\n<p align=\"JUSTIFY\">Unrealistische Aussagen der Anbieter<\/p>\n<\/li>\n<li>\n<p align=\"JUSTIFY\">\u00dcbervorteilung des Outsourcing-Nachfragers durch Informationsdefizite bei Vertragsgestaltung<\/p>\n<\/li>\n<li>\n<p align=\"JUSTIFY\">Mangelnde Transparenz bez\u00fcglich (zu geringen) Umfangs der vertraglich vereinbarten Leistungen<\/p>\n<\/li>\n<li>\n<p align=\"JUSTIFY\">Unzureichende Messbarkeit der Vertragserf\u00fcllung<\/p>\n<\/li>\n<li>\n<p align=\"JUSTIFY\">Mangelnde Flexibilit\u00e4t der Vertr\u00e4ge<\/p>\n<\/li>\n<li>\n<p align=\"JUSTIFY\">Notwendigkeit zur \u00dcberwindung r\u00e4umlicher Distanzen<\/p>\n<\/li>\n<li>\n<p align=\"JUSTIFY\">Weniger informelle Kommunikation<\/p>\n<\/li>\n<li>\n<p align=\"JUSTIFY\">Beeintr\u00e4chtigung des Datenschutzes<\/p>\n<\/li>\n<li>\n<p align=\"JUSTIFY\">Mangelnde Akzeptanz in Fachbereichen wegen fehlender Anwendern\u00e4he<\/p>\n<\/li>\n<\/ul>\n<\/td>\n<\/tr>\n<tr>\n<td><\/td>\n<td>\n<p align=\"center\"><strong>\u00a0KOSTEN<\/strong><\/p>\n<\/td>\n<td><\/td>\n<\/tr>\n<tr>\n<td>\n<ul class=\"wl_bullet_me\">\n<li>\n<p align=\"JUSTIFY\">Kostenreduktion im laufenden Betrieb<\/p>\n<\/li>\n<li>\n<p align=\"JUSTIFY\">Wissensbasierte &#8222;Economies of Scale&#8220;<\/p>\n<\/li>\n<li>\n<p align=\"JUSTIFY\">Bessere Verhandlungsposition gegen\u00fcber Anbietern von IT-Systemen<\/p>\n<\/li>\n<li>\n<p align=\"JUSTIFY\">Bei entsprechender Vertragsgestaltung variable statt fixer Kosten<\/p>\n<\/li>\n<li>\n<p align=\"JUSTIFY\">Gute Transparenz und Planbarkeit<\/p>\n<\/li>\n<li>\n<p align=\"JUSTIFY\">Pr\u00e4zisere Leistungsverrechnung<\/p>\n<\/li>\n<\/ul>\n<\/td>\n<td><\/td>\n<td>\n<ul class=\"wl_bullet_me\">\n<li>\n<p align=\"JUSTIFY\">Transaktionskosten<\/p>\n<\/li>\n<li>\n<p align=\"JUSTIFY\">H\u00f6here Koordinationskosten<\/p>\n<\/li>\n<li>\n<p align=\"JUSTIFY\">Probleme bei Softwarelizenzen<\/p>\n<\/li>\n<li>\n<p align=\"JUSTIFY\">Bezugsgr\u00f6\u00dfenbestimmung f\u00fcr Entgelt<\/p>\n<\/li>\n<li>\n<p align=\"JUSTIFY\">M\u00f6glicherweise Telekommunikationskosten<\/p>\n<\/li>\n<\/ul>\n<\/td>\n<\/tr>\n<tr>\n<td><\/td>\n<td>\n<p align=\"center\"><strong>PERSONAL<\/strong><\/p>\n<\/td>\n<td><\/td>\n<\/tr>\n<tr>\n<td>\n<ul class=\"wl_bullet_me\">\n<li>\n<p align=\"JUSTIFY\">Mittelfristige Reduzierung der IT-spezifischen Probleme im Personalwesen<\/p>\n<\/li>\n<li>\n<p align=\"JUSTIFY\">Raschere Verf\u00fcgbarkeit von IT-Spezialisten<\/p>\n<\/li>\n<li>\n<p align=\"JUSTIFY\">Job Enrichment und Job Enlargement f\u00fcr zum Outsourcing-Provider wechselndes IT-Personal<\/p>\n<\/li>\n<li>\n<p align=\"JUSTIFY\">Verf\u00fcgbarkeit interner IT-Mitarbeiter f\u00fcr innerbetrieblich verbleibende IT-Aufgaben<\/p>\n<\/li>\n<\/ul>\n<\/td>\n<td><\/td>\n<td>\n<ul class=\"wl_bullet_me\">\n<li>\n<p align=\"JUSTIFY\">Arbeitsrechtliche Probleme<\/p>\n<\/li>\n<li>\n<p align=\"JUSTIFY\">Personalwiderst\u00e4nde<\/p>\n<\/li>\n<li>\n<p align=\"JUSTIFY\">Motivationsprobleme<\/p>\n<\/li>\n<\/ul>\n<\/td>\n<\/tr>\n<tr>\n<td><\/td>\n<td>\n<p align=\"center\"><strong>FINANZEN<\/strong><\/p>\n<\/td>\n<td><\/td>\n<\/tr>\n<tr>\n<td>\n<ul class=\"wl_bullet_me\">\n<li>\n<p align=\"JUSTIFY\">Finanzmittelbeschaffung<\/p>\n<\/li>\n<li>\n<p align=\"JUSTIFY\">Gl\u00e4ttung der IT-Ausgaben<\/p>\n<\/li>\n<li>\n<p align=\"JUSTIFY\">Auswirkungen auf Jahresabschluss und auf Steuerbelastung<\/p>\n<\/li>\n<li>\n<p align=\"JUSTIFY\">Erfolgsbeteiligung des Leistungserbringers m\u00f6glich<\/p>\n<\/li>\n<\/ul>\n<\/td>\n<td><\/td>\n<td>\n<ul class=\"wl_bullet_me\">\n<li>\n<p align=\"JUSTIFY\">Abfindungen ausscheidender Mitarbeiter (Sozialplan)<\/p>\n<\/li>\n<li>\n<p align=\"JUSTIFY\">Langfristig schlecht vorhersehbare Entgeltentwicklung<\/p>\n<\/li>\n<li>\n<p align=\"JUSTIFY\">Negative Auswirkungen bei schwer wiegenden wirtschaftlichen Problemen des Leistungserbringers.<\/p>\n<\/li>\n<\/ul>\n<\/td>\n<\/tr>\n<\/tbody>\n<\/table>\n<p class=\"wl_beschriftung\">Tab. 1: Argumentenbilanz zu Outsourcing<\/p>\n<p align=\"JUSTIFY\">Outsourcing-Vertr\u00e4ge besitzen oft im Vergleich zur Dynamik des wirtschaftlichen und technischen Umfelds lange Laufzeiten. Die Umschreibung der zuk\u00fcnftigen Inanspruchnahme und Verrechnung von gegen\u00fcber dem Basisangebot erweiterten oder verringerten Leistungen f\u00fchrt oft zu sehr umfangreichen Vertragstexten. Neuerdings setzt sich die Sichtweise durch, dass diese angesichts der Ver\u00e4nderungsdynamik ohnedies unvollst\u00e4ndig sein m\u00fcssen und in ihnen vor allem die Regeln festzulegen sind, nach denen die Zusammenarbeit an nicht vorhersehbaren Ver\u00e4nderungen angepasst werden wird. In diesem Zusammenhang wird zwischen \u201eContractual and Relational Governance\u201c unterschieden [Huber, Fischer, Dibbern, Hirschheim 2013].<\/p>\n<p align=\"JUSTIFY\">W\u00e4hrend Outsourcing-Leistungen urspr\u00fcnglich in jenen L\u00e4ndern erbracht wurden, in denen auch die Leistungsempf\u00e4nger t\u00e4tig waren, wurden Outsourcing-Dienstleistungen sp\u00e4ter auch nach Asien (vor allem nach Indien und China) und Osteuropa (z.B. Rum\u00e4nien, Russland) verlagert. Den in diesen L\u00e4ndern erzielbaren Kostenvorteilen bei der Aufgabenerf\u00fcllung stehen erh\u00f6hte Management- und Koordinationskosten gegen\u00fcber, die u.a. auf r\u00e4umliche und kulturelle Distanzen [Winkler, Dibbern, Heinzl 2008] zur\u00fcckzuf\u00fchren sind. Zudem k\u00f6nnen regulatorische Vorschriften (z.B. f\u00fcr Banken) die Auslagerung bestimmter IT-Aufgaben jenseits der Landesgrenzen verbieten oder beschr\u00e4nken.<\/p>\n<p align=\"JUSTIFY\">Wer mit seinem Outsourcing-Dienstleister nicht zufrieden ist, wird sich nach Alternativen umsehen. In diesem Sinn werden m\u00f6gliche Vorgehensweisen beim Wechsel von Leistungserbringern [&#8222;Vendor Switching&#8220;; vgl. etwa Whitten, Leidner 2006] und bei Backsourcing [Veltri, Saunders 2006] thematisiert. Dabei ist zu beachten, dass der Wiederaufbau intern abgebauter Kompetenzen wesentlich l\u00e4ngere Zeitr\u00e4ume in Anspruch nimmt als der Abbau von Kapazit\u00e4ten.<\/p>\n<h2>Forschung zu Outsourcing<\/h2>\n<p align=\"JUSTIFY\">Die hohe praktische Bedeutung des Outsourcings hat zu intensiven Forschungsarbeiten gef\u00fchrt. Mehrere Arbeiten geben einen \u00dcberblick \u00fcber die Forschungsschwerpunkte und die eingesetzten Forschungsmethoden. Tabelle 2 fasst diese Sichtweisen zusammen [vgl. Lee et al. 2000; Dibbern et al. 2004].<\/p>\n<h2 class=\"BERSCHRIFT-1\"><\/h2>\n<h3><\/h3>\n<style>\ntable, th, td {\n  border: 1px solid black;\n  border-collapse: collapse;\n}\n<\/style>\n<table class=\"plain\">\n<tbody>\n<tr>\n<td>\n<p style=\"text-align: center;\" align=\"center\"><strong>Perspektive<\/strong><\/p>\n<\/td>\n<td>\n<p style=\"text-align: center;\" align=\"center\"><strong>Theorie<\/strong><\/p>\n<\/td>\n<\/tr>\n<tr>\n<td rowspan=\"4\">\n<p style=\"text-align: center;\" align=\"center\">Perspektive des strategischen Managements<\/p>\n<\/td>\n<td>\n<p style=\"text-align: center;\" align=\"center\">Resource Based Theory<\/p>\n<\/td>\n<\/tr>\n<tr>\n<td>\n<p style=\"text-align: center;\" align=\"center\">Resource Dependence Theory<\/p>\n<\/td>\n<\/tr>\n<tr>\n<td>\n<p style=\"text-align: center;\" align=\"center\">Theory of Game<\/p>\n<p align=\"JUSTIFY\"><em>s<\/em><\/p>\n<\/td>\n<\/tr>\n<tr>\n<td>\n<p style=\"text-align: center;\" align=\"center\">Andere\u00a0Theorien des strategischen Managements<\/p>\n<\/td>\n<\/tr>\n<tr>\n<td rowspan=\"3\">\n<p style=\"text-align: center;\" align=\"center\">\u00d6konomische<br \/>\nPerspektive<\/p>\n<\/td>\n<td>\n<p style=\"text-align: center;\" align=\"center\">Transaction Cost Theory<\/p>\n<\/td>\n<\/tr>\n<tr>\n<td>\n<p style=\"text-align: center;\" align=\"center\">Agency Theory<\/p>\n<\/td>\n<\/tr>\n<tr>\n<td>\n<p style=\"text-align: center;\" align=\"center\">Andere \u00f6konomische Theorien<\/p>\n<\/td>\n<\/tr>\n<tr>\n<td rowspan=\"4\">\n<p style=\"text-align: center;\" align=\"center\">Sozialwissenschaft\u00adliche Perspektive<\/p>\n<\/td>\n<td>\n<p style=\"text-align: center;\" align=\"center\">Power Political Theory<\/p>\n<\/td>\n<\/tr>\n<tr>\n<td>\n<p style=\"text-align: center;\" align=\"center\">Social Exchange Theory<\/p>\n<\/td>\n<\/tr>\n<tr>\n<td>\n<p style=\"text-align: center;\" align=\"center\">Innovation Diffusion Theory<\/p>\n<\/td>\n<\/tr>\n<tr>\n<td>\n<p style=\"text-align: center;\" align=\"center\">Andere Sozialtheorien<\/p>\n<\/td>\n<\/tr>\n<\/tbody>\n<\/table>\n<p class=\"wl_beschriftung\">Tab. 2: Ans\u00e4tze zur Analyse des Outsourcing-Ph\u00e4nomens<\/p>\n<p align=\"JUSTIFY\">Da Outsourcing-Entscheidungen oft wichtige Interessen der Stakeholder betreffen, sind empirische Analysen aus Geheimhaltungsgesichtspunkten mit erheblichen Schwierigkeiten verbunden. Viele Ver\u00f6ffentlichungen pr\u00e4sentieren so genannte Fallstudien, die aber teilweise nicht \u00fcber &#8222;Story Telling&#8220; hinausgehen. Neuerdings werden auch Ergebnisse gro\u00dfzahliger empirischer Untersuchungen ver\u00f6ffentlicht. Allerdings erscheint die Problematik der Datengewinnung in diesem sensitiven Entscheidungsfeld noch gr\u00f6\u00dfer als in anderen Bereichen der Betriebswirtschaftslehre.<\/p>\n<p align=\"JUSTIFY\">Insbesondere befasst sich die <em>empirische Forschung<\/em> mit der Bestimmung der Faktoren, welche f\u00fcr den Erfolg von Outsourcing-Projekten ma\u00dfgeblich sind. Dazu geh\u00f6ren z.B. Verst\u00e4ndnis f\u00fcr die Leistungsprozesse des auslagernden Unternehmens auf Seiten des Leistungserbringers, Wissensaustausch, wechselseitiges Vertrauen, klar definierte Verantwortlichkeiten und Eskalationsprozeduren.<\/p>\n<p align=\"JUSTIFY\">Am Ende ihrer sorgf\u00e4ltigen Literatur\u00fcbersicht identifizieren Dibbern et al. [2004] folgende f\u00fcnf <em>Forschungsfragen<\/em>, die auch heute noch nicht ausreichend untersucht sind:<\/p>\n<ol start=\"1\" type=\"1\">\n<li>\n<p align=\"JUSTIFY\">Definition und Operationalisierung des Erfolges von Outsourcing-Ma\u00dfnahmen.<\/p>\n<\/li>\n<li>\n<p align=\"JUSTIFY\">Ber\u00fccksichtigung der Perspektiven der Leistungserbringer.<\/p>\n<\/li>\n<li>\n<p align=\"JUSTIFY\">Gestaltung der Beziehungen zwischen Leistungsempf\u00e4ngern und Leistungserbringern.<\/p>\n<\/li>\n<li>\n<p align=\"JUSTIFY\">Analyse der Evolution von Outsourcing-Beziehungen, u.a. im Hinblick auf Vertrags\u00e4nderungen w\u00e4hrend der Vertragslaufzeit und bei Vertragsverl\u00e4ngerungen.<\/p>\n<\/li>\n<li>\n<p align=\"JUSTIFY\">Vergleiche der Erfahrungen mit Outsourcing in verschiedenen Branchen und Kulturkreisen.<\/p>\n<\/li>\n<\/ol>\n<p align=\"JUSTIFY\">Eine weitere Forschungsl\u00fccke resultiert daraus, dass kaum Daten zur Auslagerung compliance-relevanter Aufgaben und deren Auswirkungen auf Vertr\u00e4ge, Verantwortlichkeiten und Pr\u00fcfungshandlungen verf\u00fcgbar sind [Knolmayer, Asprion 2011].<\/p>\n<hr \/>\n<h3>Literatur<\/h3>\n<p>Dibbern, Jens; Goles, Tim; Hirschheim, Rudy; Jayatilaka, Bandula: Information Systems Outsourcing: A Survey and Analysis of the Literature. In: The DATA BASE for Advances in Information Systems 35(2004), Nr. 4, S. 6-102.<\/p>\n<p>Huber, Thomas L.; Fischer, Thomas A.; Dibbern, J.; Hirschheim, Rudy: A Process Model of Complementarity and Substitution of Contractual and Relational Governance in IS Outsourcing. In: Journal of Management Information Systems 30(2013) Nr. 3, S. 81-114.<\/p>\n<p>Knolmayer, Gerhard F.: A Hierarchical Planning Procedure Supporting the Selection of Service Providers in Outtasking Decisions. In: Krallmann, Hermann (Hrsg.): Wirtschaftsinformatik\u201997. Heidelberg: Physica, 1997, S. 99-119.<\/p>\n<p>Knolmayer, Gerhard F.; Asprion, Petra: Assuring Compliance in IT Subcontracting and Cloud Computing. In: J. Kotlarsky, L.P. Willcocks, I. Oshri (Eds.): New Studies in Global IT and Business Service Outsourcing, 5th Global Sourcing Workshop 2011. Berlin, Heidelberg: Springer, 2011,S. 21-45.<\/p>\n<p>Knolmayer, Gerhard; Mittermayer, Marc-Andr\u00e9: Quick Guide to Outsourcing: Entscheidungshilfe und Wegleitung bei Outsourcing-Projekten. Z\u00fcrich: ASC, 2000.<\/p>\n<p>Lee, Jae-Nam; Huynh, Minh Q.; Chi-wai, Kwok R.; Pi, Shih-Ming: The Evolution of Outsourcing Research: What is the Next Issue? In: Proceedings of the 33rd Hawaii International Conference on Systems Sciences. Los Alamitos et al.: IEEE, 2000, S. 7070.<\/p>\n<p>Martens, Benedikt; Teuteberg, Frank: Decision-making in cloud computing environments: A cost and risk based approach. In: Information Systems Frontiers 14(2012), pp. 871-893.<\/p>\n<p>Mertens, Peter; Knolmayer, Gerhard: Organisation der Informationsverarbeitung. 3. Aufl. Wiesbaden: Gabler, 1998.<\/p>\n<p>Schneider, Stephan; Sunyaev, Ali: Determinant factors of cloud-sourcing decisions: reflecting on the IT outsourcing literature in the era of cloud computing. In: Journal of Information Technology 31 (2016), pp. 1-31.<\/p>\n<p>Veltri, Natalia F.; Saunders, Carol: Antecedents of Information Systems Backsourcing. In: Hirschheim, Rudy; Heinzl, Armin; Dibbern, Jens (Eds.): Information Systems Outsourcing. 2nd ed. Berlin: Springer, 2006, S. 83 &#8211; 102.<\/p>\n<p>Whitten, Dwayne; Leidner, Dorothy: Bringing IT Back: An Analysis of the Decision to Backsource or Switch Vendors. In: Decision Sciences 27(2006), Nr. 4, S. 605 &#8211; 621.<\/p>\n<p> Winkler, Jessica K.; Dibbern, Jens; Heinzl, Armin: The impact of cultural differences in offshore outsourcing. Case study results from German\u2013Indian application development projects. In: Information Systems Frontiers 10(2008), Nr. 2, S. 243 &#8211; 258<\/p>\n<p>&nbsp;<\/p>\n","protected":false},"excerpt":{"rendered":"<p>Gerhard Knolmayer Eine wesentliche Entscheidung bei der Organisation der betrieblichen Informationsverarbeitung ist jene nach der internen und\/oder externen Erf\u00fcllung der zugeh\u00f6rigen Aufgaben. Die verschiedenen Aspekte von Outsourcing-Entscheidungen sind zu einem zentralen Thema des Informationsmanagements geworden. Begriff und Abgrenzung Der Begriff <a href=\"https:\/\/wi-lex.de\/lexikon\/uebergreifender-teil\/outsourcing\/\" class=\"read-more\">Read More &#8230;<\/a><\/p>\n","protected":false},"author":568,"featured_media":0,"parent":72,"menu_order":0,"comment_status":"open","ping_status":"open","template":"","meta":{"footnotes":""},"class_list":["post-4374","page","type-page","status-publish","hentry"],"_links":{"self":[{"href":"https:\/\/wi-lex.de\/wp-json\/wp\/v2\/pages\/4374","targetHints":{"allow":["GET"]}}],"collection":[{"href":"https:\/\/wi-lex.de\/wp-json\/wp\/v2\/pages"}],"about":[{"href":"https:\/\/wi-lex.de\/wp-json\/wp\/v2\/types\/page"}],"author":[{"embeddable":true,"href":"https:\/\/wi-lex.de\/wp-json\/wp\/v2\/users\/568"}],"replies":[{"embeddable":true,"href":"https:\/\/wi-lex.de\/wp-json\/wp\/v2\/comments?post=4374"}],"version-history":[{"count":9,"href":"https:\/\/wi-lex.de\/wp-json\/wp\/v2\/pages\/4374\/revisions"}],"predecessor-version":[{"id":12765,"href":"https:\/\/wi-lex.de\/wp-json\/wp\/v2\/pages\/4374\/revisions\/12765"}],"up":[{"embeddable":true,"href":"https:\/\/wi-lex.de\/wp-json\/wp\/v2\/pages\/72"}],"wp:attachment":[{"href":"https:\/\/wi-lex.de\/wp-json\/wp\/v2\/media?parent=4374"}],"curies":[{"name":"wp","href":"https:\/\/api.w.org\/{rel}","templated":true}]}}