{"id":4254,"date":"2019-04-08T12:33:25","date_gmt":"2019-04-08T10:33:25","guid":{"rendered":"https:\/\/dev.wi-lex.de\/index.php\/master\/"},"modified":"2021-03-26T14:21:47","modified_gmt":"2021-03-26T13:21:47","slug":"master","status":"publish","type":"page","link":"https:\/\/wi-lex.de\/lexikon\/uebergreifender-teil\/hochschulabschluesse\/master\/","title":{"rendered":"Master"},"content":{"rendered":"<p><a title=\"Karl Kurbel\" href=\"https:\/\/www.wi-lex.de\/index.php\/autoren\/autorenverzeichnis\/kurbel-prof-dr-karl\/\">Karl Kurbel<\/a><\/p>\n<hr \/>\n<p align=\"JUSTIFY\">International \u00fcblicher Grad f\u00fcr den Abschluss eines weiterf\u00fchrenden <a class=\"internal-link\" title=\"Wirtschaftsinformatik-Studieng\u00e4nge an Universit\u00e4ten\" href=\"https:\/\/www.wi-lex.de\/index.php\/lexikon\/uebergreifender-teil\/wirtschaftsinformatik-studiengaenge-an-universitaeten\/\">Hochschulstudiums<\/a>, das i.d.R. einen ersten Hochschulabschluss (z.B. <a class=\"internal-link\" title=\"Bachelor\" href=\"https:\/\/www.wi-lex.de\/index.php\/lexikon\/uebergreifender-teil\/hochschulabschluesse\/bachelor\/\">Bachelor<\/a>) voraussetzt. Masterprogramme wurden im Zuge des <a class=\"external-link\" href=\"http:\/\/www.ond.vlaanderen.be\/hogeronderwijs\/bologna\/\" target=\"_blank\" rel=\"noopener\">Bologna-Prozesses<\/a> auch in den deutschsprachigen L\u00e4ndern fl\u00e4chendeckend eingef\u00fchrt. In Deutschland gibt es eigenst\u00e4ndige, sog. nicht-konsekutive\u00a0Masterprogramme (einschl. weiterbildender Programme)\u00a0und konsekutive Masterprogramme.\u00a0Sie unterscheiden sich u.a. darin, ob das Masterstudium sich auf ein anderes oder das gleiche Fach wie das Bachelorstudium (konsekutiver Masterstudiengang) bezieht.<\/p>\n","protected":false},"excerpt":{"rendered":"<p>Karl Kurbel International \u00fcblicher Grad f\u00fcr den Abschluss eines weiterf\u00fchrenden Hochschulstudiums, das i.d.R. einen ersten Hochschulabschluss (z.B. Bachelor) voraussetzt. Masterprogramme wurden im Zuge des Bologna-Prozesses auch in den deutschsprachigen L\u00e4ndern fl\u00e4chendeckend eingef\u00fchrt. In Deutschland gibt es eigenst\u00e4ndige, sog. nicht-konsekutive\u00a0Masterprogramme (einschl. <a href=\"https:\/\/wi-lex.de\/lexikon\/uebergreifender-teil\/hochschulabschluesse\/master\/\" class=\"read-more\">Read More &#8230;<\/a><\/p>\n","protected":false},"author":568,"featured_media":0,"parent":5394,"menu_order":1,"comment_status":"open","ping_status":"open","template":"","meta":{"footnotes":""},"class_list":["post-4254","page","type-page","status-publish","hentry"],"_links":{"self":[{"href":"https:\/\/wi-lex.de\/wp-json\/wp\/v2\/pages\/4254","targetHints":{"allow":["GET"]}}],"collection":[{"href":"https:\/\/wi-lex.de\/wp-json\/wp\/v2\/pages"}],"about":[{"href":"https:\/\/wi-lex.de\/wp-json\/wp\/v2\/types\/page"}],"author":[{"embeddable":true,"href":"https:\/\/wi-lex.de\/wp-json\/wp\/v2\/users\/568"}],"replies":[{"embeddable":true,"href":"https:\/\/wi-lex.de\/wp-json\/wp\/v2\/comments?post=4254"}],"version-history":[{"count":5,"href":"https:\/\/wi-lex.de\/wp-json\/wp\/v2\/pages\/4254\/revisions"}],"predecessor-version":[{"id":13259,"href":"https:\/\/wi-lex.de\/wp-json\/wp\/v2\/pages\/4254\/revisions\/13259"}],"up":[{"embeddable":true,"href":"https:\/\/wi-lex.de\/wp-json\/wp\/v2\/pages\/5394"}],"wp:attachment":[{"href":"https:\/\/wi-lex.de\/wp-json\/wp\/v2\/media?parent=4254"}],"curies":[{"name":"wp","href":"https:\/\/api.w.org\/{rel}","templated":true}]}}