{"id":4208,"date":"2019-04-08T12:33:24","date_gmt":"2019-04-08T10:33:24","guid":{"rendered":"https:\/\/dev.wi-lex.de\/index.php\/learning-by-doing\/"},"modified":"2022-03-02T15:08:12","modified_gmt":"2022-03-02T14:08:12","slug":"learning-by-doing","status":"publish","type":"page","link":"https:\/\/wi-lex.de\/lexikon\/informations-daten-und-wissensmanagement\/wissensmanagement\/lernprozesse\/learning-by-doing\/","title":{"rendered":"Learning by Doing"},"content":{"rendered":"<p><a title=\"Heimo Adelsberger\" href=\"https:\/\/www.wi-lex.de\/index.php\/autoren\/autorenverzeichnis\/adelsberger-prof-dr-heimo\/\">Heimo Adelsberger<\/a><\/p>\n<hr \/>\n<p align=\"JUSTIFY\"><em>Der Begriff \u201eLearning-by-doing\u201c (Lernen durch Handeln, Lernen durch Tun) als p\u00e4dagogischer Fachausdruck bezeichnet ein Lernkonzept: Lernerfolge sind nur m\u00f6glich, wenn Dinge ausprobiert und anschlie\u00dfend reflektiert werden. W\u00e4hrend bei eher kognitiv orientierten Lernmodellen die rein intellektuelle Besch\u00e4ftigung mit einem Lerngegenstand im Mittelpunkt steht, steht bei Learning by Doing die direkte praktische Erfahrung mit einem Lerngegenstand im Mittelpunkt und steht somit in der Tradition von erfahrungsorientiert ausgerichteten Lernmodellen.<\/em><\/p>\n<h2>Das Konzept<\/h2>\n<div class=\"wl_box\">Was man lernen muss, um es zu tun, das lernt man, indem man es tut.&#8220;<br \/>\n[Aristoteles]<\/div>\n<p align=\"JUSTIFY\">Das Konzept \u201eLearning-by-doing\u201c geh\u00f6rt entwicklungsgeschichtlich sicher zu den \u00e4ltesten Konzepten, was in Sprichw\u00f6rtern oder Aphorismen zum Ausdruck kommt, wie etwa: Was man lernen muss, um es zu tun, das lernt man, indem man es tut (Aristoteles).<\/p>\n<p align=\"JUSTIFY\">In der modernen P\u00e4dagogik wird \u00fcblicherweise Robert Baden-Powell, der Gr\u00fcnder der Pfadfinderbewegung, als \u201eErfinder\u201c des Konzepts angesehen. In der wissenschaftlichen Diskussion gilt John Dewey (1859 \u2013 1952) als ein wesentlicher Begr\u00fcnder dieses Ansatzes. Die intensive Auseinandersetzung mit Deweys Schriften in der deutschsprachigen wissenschaftlichen Literatur hat dazu gef\u00fchrt, dass \u201eLearning-by-doing\u201c zum Terminus technicus wurde; manchmal wird scherzhaft in p\u00e4dagogischen Kreisen der Begriff auch \u201eLearning bei dewey-ing\u201c bezeichnet.<\/p>\n<p align=\"JUSTIFY\">Dewey verwendet den Begriff bereits in \u201eSchools of Tomorrow\u201d [Dewey 1915], aber auch in Democracy and Education [Dewey 1916]. Lernen muss nach Ansicht von Dewey auf Erfahrung aufgebaut sein. Lernende sollen in einer Lernumwelt experimentieren und dabei selbst die\u00a0 Realit\u00e4t entdecken. Kooperation ist wichtig, nicht nur mit Mitlernenden: auch dem Lehrer kommt dabei eher die Rolle eines Begleiters als eines Bevormundenden zu, der schon alles wei\u00df. F\u00fcr Dewey ist der Mensch ein aktives Wesen; Erkenntnis muss in Handlungsvollz\u00fcge eingebettet sein, am besten in der Form eines Projekts. Darunter\u00a0 versteht Dewey ein umfangreiches Arbeitsvorhaben, bei dem eine reale Lebensaufgabe von praktischer Bedeutung f\u00fcr das Gemeinschaftsleben bew\u00e4ltigt wird, und zwar so, dass am Ende ein sinnhaft greifbares, praktisch brauchbares Ergebnis steht.<\/p>\n<p align=\"JUSTIFY\">Reformp\u00e4dagogen\u00a0 wie Maria Montessori (1870 &#8211; 1952) berufen sich auf ihn; die Projektmethode wurde von William Heard Kilpatrick (1871 \u2013 1965) [Beinecke 1998] verfeinert. Eine kritische Auseinandersetzung mit Deweys Werk findet man bei Bittner [<span class=\"highlightedsearchterm\">Bittner<\/span> 2001].<\/p>\n<hr \/>\n<h3>Literatur<\/h3>\n<p>Beineke, John A.: And there were giants in the land : the life of William Heard Kilpatrick. New York : P. Lang, 1998.<\/p>\n<p>Bittner, Stefan: Learning by Dewey? John Dewey und die deutsche P\u00e4dagogik 1900-2000. Bad Heilbrunn : Klinkhardt, 2001.<\/p>\n<p>Dewey, John: Democracy and Education. New York : The Macmillan Company, 1916.<\/p>\n<p>Dewey, John ; Dewey, Evelyn: Schools Of Tomorrow. New York : E. P. Dutton and Co., 1915.<\/p>\n<p>&nbsp;<\/p>\n","protected":false},"excerpt":{"rendered":"<p>Heimo Adelsberger Der Begriff \u201eLearning-by-doing\u201c (Lernen durch Handeln, Lernen durch Tun) als p\u00e4dagogischer Fachausdruck bezeichnet ein Lernkonzept: Lernerfolge sind nur m\u00f6glich, wenn Dinge ausprobiert und anschlie\u00dfend reflektiert werden. W\u00e4hrend bei eher kognitiv orientierten Lernmodellen die rein intellektuelle Besch\u00e4ftigung mit einem <a href=\"https:\/\/wi-lex.de\/lexikon\/informations-daten-und-wissensmanagement\/wissensmanagement\/lernprozesse\/learning-by-doing\/\" class=\"read-more\">Read More &#8230;<\/a><\/p>\n","protected":false},"author":568,"featured_media":0,"parent":4222,"menu_order":0,"comment_status":"open","ping_status":"open","template":"","meta":{"footnotes":""},"class_list":["post-4208","page","type-page","status-publish","hentry"],"_links":{"self":[{"href":"https:\/\/wi-lex.de\/wp-json\/wp\/v2\/pages\/4208","targetHints":{"allow":["GET"]}}],"collection":[{"href":"https:\/\/wi-lex.de\/wp-json\/wp\/v2\/pages"}],"about":[{"href":"https:\/\/wi-lex.de\/wp-json\/wp\/v2\/types\/page"}],"author":[{"embeddable":true,"href":"https:\/\/wi-lex.de\/wp-json\/wp\/v2\/users\/568"}],"replies":[{"embeddable":true,"href":"https:\/\/wi-lex.de\/wp-json\/wp\/v2\/comments?post=4208"}],"version-history":[{"count":10,"href":"https:\/\/wi-lex.de\/wp-json\/wp\/v2\/pages\/4208\/revisions"}],"predecessor-version":[{"id":15802,"href":"https:\/\/wi-lex.de\/wp-json\/wp\/v2\/pages\/4208\/revisions\/15802"}],"up":[{"embeddable":true,"href":"https:\/\/wi-lex.de\/wp-json\/wp\/v2\/pages\/4222"}],"wp:attachment":[{"href":"https:\/\/wi-lex.de\/wp-json\/wp\/v2\/media?parent=4208"}],"curies":[{"name":"wp","href":"https:\/\/api.w.org\/{rel}","templated":true}]}}