{"id":4108,"date":"2019-04-08T12:33:21","date_gmt":"2019-04-08T10:33:21","guid":{"rendered":"https:\/\/dev.wi-lex.de\/index.php\/ip-telefonie\/"},"modified":"2022-03-28T14:00:19","modified_gmt":"2022-03-28T12:00:19","slug":"ip-telefonie","status":"publish","type":"page","link":"https:\/\/wi-lex.de\/lexikon\/technologische-und-methodische-grundlagen\/rechnernetze-und-kommunikationssysteme\/sprachkommunikation\/ip-telefonie\/","title":{"rendered":"IP-Telefonie"},"content":{"rendered":"<p align=\"JUSTIFY\"><em>Der Begriff IP-Telefonie (Voice-over-IP oder VoIP) beschreibt die \u00dcbermittlung von Sprache in IP-Paketen. Die Sprachdaten werden zun\u00e4chst in digitale Daten umgewandelt und dann in Paketen \u00fcbertragen.<\/em><\/p>\n<p align=\"JUSTIFY\">Die Telefonnummern, die einem VoIP-Teilnehmer zugeordnet sind, k\u00f6nnen dabei unabh\u00e4ngig vom Internetzugang angerufen werden. Nach einer Registrierung der Nummer beim VoIP-Dienstanbieter ist der Teilnehmer \u00fcber das Internet weltweit erreichbar.<\/p>\n<p align=\"JUSTIFY\">Ein VoIP-Telefon ist dann kein einfaches Telefon, sondern ein Computer mit einer zugeteilten IP-Adresse. Um die Verbindung \u00fcber die Telefonnummer herzustellen, wird zun\u00e4chst eine Verkn\u00fcpfung zwischen der angew\u00e4hlten Telefonnummer und der IP-Adresse des Computers hergestellt. Da die IP-Telefonie eine Datenkommunikation in Echtzeit ist, ist das <a class=\"internal-link\" title=\"TCP\/IP\" href=\"https:\/\/www.wi-lex.de\/index.php\/lexikon\/technologische-und-methodische-grundlagen\/rechnernetze-und-kommunikationssysteme\/protokoll\/tcp-ip\/\">TCP-Protokoll<\/a>, das f\u00fcr die klassische Datenkommunikation eingesetzt wird und Quittungen verwendet, um evtl. verlorene oder fehlerhafte Datenpakete noch einmal zu senden, nicht f\u00fcr die IP-Telefonie geeignet. Stattdessen wird das Real-time Transport Protocol (RTP) verwendet. Ebenso werden weitere Qualit\u00e4tsanforderungen (Quality of Service (QoS)-Anforderungen) an das IP-Netz gestellt. Besonders wichtig ist, dass der Zeitabstand zwischen zwei aufeinanderfolgenden IP-Paketen bei beiden Gespr\u00e4chsteilnehmern identisch ist.<\/p>\n<p align=\"JUSTIFY\">Wenn Internet Service Provider (ISP) VoIP-Dienste anbieten, kann das Internet als Backbone f\u00fcr das \u00f6ffentliche Telefonnetz genutzt werden. Die Telefonverbindung zweier Teilnehmer besteht dann aus einer Telefonverbindung zwischen dem jeweiligen Teilnehmer und seinem Internet Service Provider und einer RTP-Session \u00fcber das IP-Netz. Die VoIP-Gateways sind dann zwischen dem \u00f6ffentlichen Telefonnetz\u00a0 und dem IP-Netz bei dem ISP installiert Auch die Integration in die Vermittlungsstellen ist m\u00f6glich. Unternehmen k\u00f6nnen ein IP-Netz nutzen, um ihre Telekommunikationsanlagen \u00fcber mehrere Standorte zu vernetzen.<\/p>\n<p align=\"JUSTIFY\">Die Nutzung von IP-Telefonie kann die Telefonkosten, besonders f\u00fcr internationale Verbindungen, verringern, da die \u00dcbertragungskosten \u00fcber das Internet vergleichsweise niedrig sind.<\/p>\n<hr \/>\n<h3>Literatur<\/h3>\n<p>Andreas Kanbach: SIP &#8211; Die Technik: Grundlagen und Realisierung der Internet-Technik ; f\u00fcr VoIP, Videotelefonie, Instant Messaging und Presence Service, Vieweg+Teubner Verlag, 2005<\/p>\n<p>Anatol Badach: Voice Over IP- die Technik: Grundlagen, Protokolle, Anwendungen, Migration, Sicherheit, Hanser Verlag, 2007<\/p>\n<p>&nbsp;<\/p>\n<div id=\"accel-snackbar\" style=\"left: 50%; transform: translate(-50%, 0px); bottom: 50px;\"><\/div>\n","protected":false},"excerpt":{"rendered":"<p>Der Begriff IP-Telefonie (Voice-over-IP oder VoIP) beschreibt die \u00dcbermittlung von Sprache in IP-Paketen. Die Sprachdaten werden zun\u00e4chst in digitale Daten umgewandelt und dann in Paketen \u00fcbertragen. Die Telefonnummern, die einem VoIP-Teilnehmer zugeordnet sind, k\u00f6nnen dabei unabh\u00e4ngig vom Internetzugang angerufen werden. <a href=\"https:\/\/wi-lex.de\/lexikon\/technologische-und-methodische-grundlagen\/rechnernetze-und-kommunikationssysteme\/sprachkommunikation\/ip-telefonie\/\" class=\"read-more\">Read More &#8230;<\/a><\/p>\n","protected":false},"author":568,"featured_media":0,"parent":4602,"menu_order":1,"comment_status":"open","ping_status":"open","template":"","meta":{"footnotes":""},"class_list":["post-4108","page","type-page","status-publish","hentry"],"_links":{"self":[{"href":"https:\/\/wi-lex.de\/wp-json\/wp\/v2\/pages\/4108","targetHints":{"allow":["GET"]}}],"collection":[{"href":"https:\/\/wi-lex.de\/wp-json\/wp\/v2\/pages"}],"about":[{"href":"https:\/\/wi-lex.de\/wp-json\/wp\/v2\/types\/page"}],"author":[{"embeddable":true,"href":"https:\/\/wi-lex.de\/wp-json\/wp\/v2\/users\/568"}],"replies":[{"embeddable":true,"href":"https:\/\/wi-lex.de\/wp-json\/wp\/v2\/comments?post=4108"}],"version-history":[{"count":7,"href":"https:\/\/wi-lex.de\/wp-json\/wp\/v2\/pages\/4108\/revisions"}],"predecessor-version":[{"id":16107,"href":"https:\/\/wi-lex.de\/wp-json\/wp\/v2\/pages\/4108\/revisions\/16107"}],"up":[{"embeddable":true,"href":"https:\/\/wi-lex.de\/wp-json\/wp\/v2\/pages\/4602"}],"wp:attachment":[{"href":"https:\/\/wi-lex.de\/wp-json\/wp\/v2\/media?parent=4108"}],"curies":[{"name":"wp","href":"https:\/\/api.w.org\/{rel}","templated":true}]}}