{"id":4072,"date":"2019-04-08T12:33:20","date_gmt":"2019-04-08T10:33:20","guid":{"rendered":"https:\/\/dev.wi-lex.de\/index.php\/informationsfluss\/"},"modified":"2022-03-02T14:52:42","modified_gmt":"2022-03-02T13:52:42","slug":"informationsfluss","status":"publish","type":"page","link":"https:\/\/wi-lex.de\/lexikon\/informations-daten-und-wissensmanagement\/informationsmanagement\/informations-und-wissensgesellschaft\/informationsfluss\/","title":{"rendered":"Informationsfluss"},"content":{"rendered":"<p><a title=\"Carsten Felden\" href=\"https:\/\/www.wi-lex.de\/index.php\/autoren\/autorenverzeichnis\/felden-prof-dr-carsten\/\">Carsten Felden<\/a><\/p>\n<hr \/>\n<p align=\"JUSTIFY\"><em>Informationsfluss bezeichnet grunds\u00e4tzlich den Weg von Informationen von einer Quelle zu einer Senke. Dies ist unabh\u00e4ngig davon, wo sich Quelle und Senke befinden. Dabei sind diese im Rahmen der geforderten Parameter zu liefern.<\/em><\/p>\n<h2>Grundlegendes Verst\u00e4ndnis<\/h2>\n<p align=\"JUSTIFY\">Informationen als solche sind nicht an Informationstechnologie gebunden. Sie sind Bestandteil aller arbeitsteiligen (Produktions-)Prozesse innerhalb eines Unternehmens und lassen sich in jedweder Form pr\u00e4sentieren und \u00fcbermitteln [Spitta und Bick 2008, S. 1 f.]. Als Informationsfluss wird der Weg bezeichnet, den Informationen nehmen, um bei einem oder mehreren Empf\u00e4ngern einzutreffen. Diese Interpretation l\u00e4sst sich auch seit der Version 2.0 in der Unified Modeling Language (UML) als Modellierungselement zu Gunsten des Informationsflusses wieder finden.<\/p>\n<h3>Informationsfluss aus Organisationssicht<\/h3>\n<p align=\"JUSTIFY\">Wird das systemorientierte Modell des instrumentalen und institutionellen Organisationsbegriffes zu Grunde gelegt [Krallmann et al. 2013,\u00a0 S. 16 ff.], bilden Informationsfl\u00fcsse die vielf\u00e4ltigen Beziehungen in allen internen und externen Unternehmensbereichen und zwischen ihnen ab [Spitta und Bick 2008, S. 4]. Im Sinne einer Logistik werden Informationen durch Informationsfl\u00fcsse zur richtigen Zeit, am richtigen Ort, in richtiger Art und Qualit\u00e4t geliefert. Dies gilt, im Gegensatz zur Informationslogistik [Dinter und Winter, 2008, S. 3], auch innerhalb einer Betrachtungseinheit.<\/p>\n<h3>Informationsfluss aus Sicht der Informationstheorie<\/h3>\n<p align=\"JUSTIFY\">In der Informationstheorie werden Quelle und Senke als Variablen aufgefasst. Der Informationsfluss ist somit der Transfer von Informationen von einer Variablen <em>h<\/em> zu einer Variablen<em>\u00a0l <\/em>in einem gegebenen Prozess. Das Ma\u00df des Informationsflusses<em>\u00a0p<\/em> ist definiert als die Ungewissheit vor Prozessstart abz\u00fcglich der Ungewissheit nach Prozessabschluss. Effizienter Informationsfluss kann den Nutzen innerhalb einer Organisationseinheit f\u00f6rdern. Effizienzh\u00fcrden liegen in der Interpretationsdynamik von Informationen als auch dem Volumen der zur Verf\u00fcgung gestellten Informationen. Zus\u00e4tzlich wirken organisatorische Ver\u00e4nderungsprozesse auf Informationsfl\u00fcsse ein, um einer Umfeld- und Umweltdynamik Rechnung zu tragen und damit Informationsfl\u00fcsse ggf. neu abzubilden. Durch diese Dynamik als auch das wachsende Informationsvolumen ist heutzutage nicht mehr ausschlie\u00dflich der Informationsfluss von Interesse, sondern zus\u00e4tzlich die Informationsfilterung, um Empf\u00e4ngern exklusiv die relevanten Informationen zu liefern.<\/p>\n<hr \/>\n<h3>Literatur<\/h3>\n<p>Dinter, B.; Winter R.: Integrierte Informationslogistik. Springer-Verlag: Berlin, Heidelberg 2008.<\/p>\n<p>Krallmann, H.; Bobrik, A.; Levina, O.: Systemanalyse im Unternehmen \u2013 Prozessorientierte Methoden der Wirtschaftsinformatik. 6. Auflage. Oldenbourg: M\u00fcnchen et al., 2013.<\/p>\n<p>Spitta, T.; Bick, M.: Informationswirtschaft \u2013 Eine Einf\u00fchrung. 2. Auflage. Springer-Verlag: Berlin, Heidelberg 2008.<\/p>\n<p>&nbsp;<\/p>\n","protected":false},"excerpt":{"rendered":"<p>Carsten Felden Informationsfluss bezeichnet grunds\u00e4tzlich den Weg von Informationen von einer Quelle zu einer Senke. Dies ist unabh\u00e4ngig davon, wo sich Quelle und Senke befinden. Dabei sind diese im Rahmen der geforderten Parameter zu liefern. Grundlegendes Verst\u00e4ndnis Informationen als solche <a href=\"https:\/\/wi-lex.de\/lexikon\/informations-daten-und-wissensmanagement\/informationsmanagement\/informations-und-wissensgesellschaft\/informationsfluss\/\" class=\"read-more\">Read More &#8230;<\/a><\/p>\n","protected":false},"author":568,"featured_media":0,"parent":9184,"menu_order":0,"comment_status":"open","ping_status":"open","template":"","meta":{"footnotes":""},"class_list":["post-4072","page","type-page","status-publish","hentry"],"_links":{"self":[{"href":"https:\/\/wi-lex.de\/wp-json\/wp\/v2\/pages\/4072","targetHints":{"allow":["GET"]}}],"collection":[{"href":"https:\/\/wi-lex.de\/wp-json\/wp\/v2\/pages"}],"about":[{"href":"https:\/\/wi-lex.de\/wp-json\/wp\/v2\/types\/page"}],"author":[{"embeddable":true,"href":"https:\/\/wi-lex.de\/wp-json\/wp\/v2\/users\/568"}],"replies":[{"embeddable":true,"href":"https:\/\/wi-lex.de\/wp-json\/wp\/v2\/comments?post=4072"}],"version-history":[{"count":7,"href":"https:\/\/wi-lex.de\/wp-json\/wp\/v2\/pages\/4072\/revisions"}],"predecessor-version":[{"id":15775,"href":"https:\/\/wi-lex.de\/wp-json\/wp\/v2\/pages\/4072\/revisions\/15775"}],"up":[{"embeddable":true,"href":"https:\/\/wi-lex.de\/wp-json\/wp\/v2\/pages\/9184"}],"wp:attachment":[{"href":"https:\/\/wi-lex.de\/wp-json\/wp\/v2\/media?parent=4072"}],"curies":[{"name":"wp","href":"https:\/\/api.w.org\/{rel}","templated":true}]}}