{"id":4018,"date":"2019-04-08T12:33:18","date_gmt":"2019-04-08T10:33:18","guid":{"rendered":"https:\/\/dev.wi-lex.de\/index.php\/globally-distributed-software-development\/"},"modified":"2021-04-07T17:13:29","modified_gmt":"2021-04-07T15:13:29","slug":"globally-distributed-software-development","status":"publish","type":"page","link":"https:\/\/wi-lex.de\/lexikon\/uebergreifender-teil\/globally-distributed-software-development\/","title":{"rendered":"Globally Distributed Software Development"},"content":{"rendered":"<p><a title=\"Jan Pawlowski\" href=\"https:\/\/www.wi-lex.de\/index.php\/autoren\/autorenverzeichnis\/pawlowski-prof-dr-jan-m\/\">Jan Pawlowski<\/a><\/p>\n<hr \/>\n<p align=\"JUSTIFY\"><em>Global verteilte Software-Entwicklung bezeichnet den Entwicklungsprozess von Informationssystemen im globalen Kontext an weltweit verteilten Standorten.<\/em><\/p>\n<h2>Globally Distributed Software Development (Global verteilte Software-Entwicklung)<\/h2>\n<p align=\"JUSTIFY\">Global verteilte Software-Entwicklung umfasst <a class=\"internal-link\" title=\"Entwicklung und Management von Informationssystemen\" href=\"https:\/\/www.wi-lex.de\/index.php\/lexikon\/entwicklung-und-management-von-informationssystemen\/\">Entwicklungs- und Managementprozesse <\/a>f\u00fcr Informationssysteme, die <a class=\"internal-link\" title=\"Globalisierung\" href=\"..\/\">global verteilt <\/a>entwickelt werden. Der Begriff bezieht sich vorwiegend auf Standorte im Entwicklungsprozess, w\u00e4hrend sich der verwandte Begriff <a class=\"internal-link\" title=\"Globales Informationssystem\" href=\"https:\/\/www.wi-lex.de\/index.php\/lexikon\/uebergreifender-teil\/globales-informationssystem\/\">globaler Informationssysteme <\/a>eher auf den Nutzungsstandort bezieht. Durch die geographische Verteilung ergeben sich Einflussfaktoren, die sich von geographisch begrenzten Systemen unterscheiden:<\/p>\n<ul class=\"wl_bullet_me\">\n<li>\n<div style=\"text-align: justify;\"><span class=\"wl_hervorhebung\">Kultur<\/span>: Kulturelle Unterschiede sind ein ma\u00dfgeblicher Einflussfaktor f\u00fcr verteilte Entwicklungsprozesse. Aufgrund unterschiedlicher Werte, Normen oder Handlungsweisen kommt es zu Problemsituationen zwischen Mitarbeitern und Organisationen. Analyse und Ma\u00dfnahmen zu kulturellen Einflussfaktoren der beteiligten Regionen und Organisationen sind ein kritischer Bestandteil eines erfolgreichen <a class=\"internal-link\" title=\"Systementwicklung\" href=\"..\/..\/..\/is-management\/Systementwicklung\">Entwicklungsprozesses<\/a>.<\/div>\n<\/li>\n<li>\n<p style=\"text-align: justify;\" align=\"JUSTIFY\"><span class=\"wl_hervorhebung\">Koordination und Kommunikation<\/span>: Die Koordination global verteilter Entwicklerteams umfasst verschiedene Problemstellungen und entsprechende Ma\u00dfnahmen [vgl. Garton &amp; Wegryn 2006]. In der Planung ist etwa zu kl\u00e4ren, wie Spezifikationen, \u00dcbergabezeitpunkte und Zwischenergebnisse gestaltet werden. Dabei ist zu beachten, dass diese Prozesse kulturabh\u00e4ngig sind. Ebenso kann es durch unterschiedliche Kommunikationsstrategien, -wege und \u2013auffassungen zu schwerwiegenden Problemsituationen kommen.<\/p>\n<\/li>\n<li style=\"text-align: justify;\">\n<div><span class=\"wl_hervorhebung\">Kompetenzen<\/span>: Die Arbeit in <a class=\"internal-link\" title=\"Globally Distributed Work\" href=\"https:\/\/www.wi-lex.de\/index.php\/lexikon\/uebergreifender-teil\/globally-distributed-work\/\">global verteilten Teams <\/a>erfordert hinsichtlich Management, Koordination und Kommunikation neue Kompetenzen der Mitarbeiter. Dies umfasst insbesondere interkulturelle Kompetenzen wie auch die Nutzung elektronischer Kommunikations- und Kollaborationsanwendungen.<\/div>\n<\/li>\n<li>\n<div style=\"text-align: justify;\"><span class=\"wl_hervorhebung\">Wissensmanagement<\/span>: Identifikation, Austausch und Erhaltung von <a class=\"internal-link\" title=\"Wissen\" href=\"https:\/\/www.wi-lex.de\/index.php\/lexikon\/informations-daten-und-wissensmanagement\/wissensmanagement\/wissen\/\">Wissen <\/a>werden in geographisch verteilten Teams wesentlich komplexer, so dass zus\u00e4tzliche organisatorische und technische L\u00f6sungen notwendig sind [vgl. Holden 2002].<\/div>\n<\/li>\n<\/ul>\n<h3>L\u00f6sungsans\u00e4tze<\/h3>\n<p align=\"JUSTIFY\">Entwicklung und Management im globalen Kontext unterscheiden sich von lokal begrenzten Entwicklungsprozessen. Es werden verschiedene Ans\u00e4tze verfolgt, die sich insbesondere auf die Prozessgestaltung, die technische Infrastruktur und das Systemdesign beziehen.<\/p>\n<ul class=\"wl_bullet_me\">\n<li>\n<p align=\"JUSTIFY\"><span class=\"wl_hervorhebung\">Geographische Verteilung und kulturelle Einflussfaktoren<\/span> erfordern zus\u00e4tzliche oder modifizierte Entwicklungsprozesse. In der Prozessgestaltung sind daher weitere Anforderungen zu ber\u00fccksichtigen.<\/p>\n<\/li>\n<li>\n<p align=\"JUSTIFY\"><span class=\"wl_hervorhebung\">Kulturanalyse<\/span>: Ein Prozess der Kulturanalyse ist sowohl f\u00fcr Entwicklungs- wie auch Nutzungsprozesse zwingend notwendig. Ergebnis einer solchen Analyse sind kulturelle Charakteristika und daraus abgeleitete Systemanforderungen z.B. hinsichtlich der Gesch\u00e4ftsprozesslogik, der Benutzeroberfl\u00e4che sowie der Anforderungen und Kompetenzen beteiligter Aktoren.<\/p>\n<\/li>\n<li>\n<p align=\"JUSTIFY\"><span class=\"wl_hervorhebung\">Projektmanagement und Koordination<\/span>: Die Arbeit in verteilten Entwicklerteams bedarf zus\u00e4tzlicher Management- und insbesondere <a class=\"internal-link\" title=\"Kommunikations- und Kollaborationssysteme\" href=\"https:\/\/www.wi-lex.de\/index.php\/lexikon\/inner-und-ueberbetriebliche-informationssysteme\/kommunikations-und-kollaborationssysteme\/\">Kommunikations<\/a>&#8211; und <a class=\"internal-link\" title=\"Projektkoordinationssysteme\" href=\"https:\/\/www.wi-lex.de\/index.php\/lexikon\/inner-und-ueberbetriebliche-informationssysteme\/kommunikations-und-kollaborationssysteme\/projektkoordinationssysteme\/\">Koordinationstechniken<\/a>. So muss etwa das <a class=\"internal-link\" title=\"Projektmanagement-Werkzeug\" href=\"https:\/\/www.wi-lex.de\/index.php\/lexikon\/entwicklung-und-management-von-informationssystemen\/it-projektmanagement\/projektmanagement-werkzeug\/\"><u>Projektmanagement\u00a0<\/u><\/a>zus\u00e4tzliche Aspekte und Prozesse\u00a0einbeziehen, da die Prozesse an unterschiedlichen Standorten bearbeitet werden. Dies bedeutet zus\u00e4tzliche Anforderungen an Projektmanager wie z.B. bei der Auswahl der Standorte, der Koordination oder der Steuerung der Prozesse.\u00a0So ist etwa zu kl\u00e4ren, in welcher Form und\u00a0zu welchen Zeitpunkten Spezifikationen und (Zwischen-)Ergebnisse koordiniert und abgestimmt werden.<\/p>\n<\/li>\n<li>\n<p align=\"JUSTIFY\"><span class=\"wl_hervorhebung\">Risikomanagement<\/span>: In global verteilten Szenarien treten zus\u00e4tzliche Problemstellungen auf (wie etwa Kommunikationsmissverst\u00e4ndnisse, Nichteinhaltung von Terminen, abweichende Umsetzungen vereinbarter Entwicklungsschritte). Um auf derartige Situationen reagieren zu k\u00f6nnen, muss ein umfassendes Risikomanagement und eine entsprechende Budgetplanung erfolgen.<\/p>\n<\/li>\n<li>\n<p align=\"JUSTIFY\"><span class=\"wl_hervorhebung\">Technische Architektur, Integration\u00a0und Unterst\u00fctzung<\/span>: Die technische Infrastruktur entspricht im Regelfall der Gestaltung verteilter Systeme bzw. Architekturen. Dabei liegt ein Schwerpunkt auf der <a class=\"internal-link\" title=\"Informationssystem, Integration von\" href=\"https:\/\/www.wi-lex.de\/index.php\/lexikon\/informations-daten-und-wissensmanagement\/informationsmanagement\/informationsmanagement-aufgaben-des\/informationssystemen-integration-von\/\">Integration <\/a>existierender Systeme sowie die Gestaltung und Nutzung kollaborativer Systeme. Zus\u00e4tzlich sollten Unterst\u00fctzungssysteme (etwa zur Unterst\u00fctzung von Management, verteilter Gruppenarbeit und Wissensmanagement) zur Verf\u00fcgung gestellt werden.<\/p>\n<\/li>\n<li>\n<p align=\"JUSTIFY\"><span class=\"wl_hervorhebung\">Internationalisierung und Lokalisierung<\/span>: Die Gestaltung global eingesetzter Systeme erfordert verschiedene Designentscheidungen. Die Strategie der Internationalisierung bezeichnet dabei, dass Systeme so gestaltet werden, dass sie an unterschiedliche Anforderungen anpassbar sind (etwa durch die Anpassung der <a class=\"internal-link\" title=\"Gesch\u00e4ftsprozessmodellierung\" href=\"https:\/\/www.wi-lex.de\/index.php\/lexikon\/entwicklung-und-management-von-informationssystemen\/systementwicklung\/hauptaktivitaeten-der-systementwicklung\/problemanalyse\/geschaeftsprozessmodellierung\/\">Prozesslogik<\/a>). Die Lokalisierung bezeichnet den Anpassungsprozess an spezifische Anforderungen selbst.<\/p>\n<\/li>\n<\/ul>\n<h3>Fazit<\/h3>\n<p align=\"JUSTIFY\">Ein global verteilter Entwicklungsprozess umfasst eine Vielzahl von Prozess- und damit verbundenen Designentscheidungen. Die Komplexit\u00e4t verteilter Entwicklungs- und Nutzungsszenarien bedarf einer klaren Planung und sollte insbesondere kulturelle und human-orientierte Aspekte einbeziehen.<\/p>\n<hr \/>\n<h3>Literatur<\/h3>\n<p>Holden, Nigel: Cross-Cultural Management \u2013 A Knowledge Management Perspective. Harlow: Prentice Hall, 2002.<\/p>\n<p>Garton, Colleen; Wegryn, Kevin: Managing Without Walls: Maximize Success with Virtual, Global, and Cross &#8211; Cultural Teams. MC Press, US, 2006<\/p>\n<p>&nbsp;<\/p>\n","protected":false},"excerpt":{"rendered":"<p>Jan Pawlowski Global verteilte Software-Entwicklung bezeichnet den Entwicklungsprozess von Informationssystemen im globalen Kontext an weltweit verteilten Standorten. Globally Distributed Software Development (Global verteilte Software-Entwicklung) Global verteilte Software-Entwicklung umfasst Entwicklungs- und Managementprozesse f\u00fcr Informationssysteme, die global verteilt entwickelt werden. Der Begriff <a href=\"https:\/\/wi-lex.de\/lexikon\/uebergreifender-teil\/globally-distributed-software-development\/\" class=\"read-more\">Read More &#8230;<\/a><\/p>\n","protected":false},"author":568,"featured_media":0,"parent":72,"menu_order":12,"comment_status":"open","ping_status":"open","template":"","meta":{"footnotes":""},"class_list":["post-4018","page","type-page","status-publish","hentry"],"_links":{"self":[{"href":"https:\/\/wi-lex.de\/wp-json\/wp\/v2\/pages\/4018","targetHints":{"allow":["GET"]}}],"collection":[{"href":"https:\/\/wi-lex.de\/wp-json\/wp\/v2\/pages"}],"about":[{"href":"https:\/\/wi-lex.de\/wp-json\/wp\/v2\/types\/page"}],"author":[{"embeddable":true,"href":"https:\/\/wi-lex.de\/wp-json\/wp\/v2\/users\/568"}],"replies":[{"embeddable":true,"href":"https:\/\/wi-lex.de\/wp-json\/wp\/v2\/comments?post=4018"}],"version-history":[{"count":9,"href":"https:\/\/wi-lex.de\/wp-json\/wp\/v2\/pages\/4018\/revisions"}],"predecessor-version":[{"id":13778,"href":"https:\/\/wi-lex.de\/wp-json\/wp\/v2\/pages\/4018\/revisions\/13778"}],"up":[{"embeddable":true,"href":"https:\/\/wi-lex.de\/wp-json\/wp\/v2\/pages\/72"}],"wp:attachment":[{"href":"https:\/\/wi-lex.de\/wp-json\/wp\/v2\/media?parent=4018"}],"curies":[{"name":"wp","href":"https:\/\/api.w.org\/{rel}","templated":true}]}}