{"id":3916,"date":"2019-04-08T12:33:14","date_gmt":"2019-04-08T10:33:14","guid":{"rendered":"https:\/\/dev.wi-lex.de\/index.php\/electronic-business\/"},"modified":"2021-05-18T15:44:17","modified_gmt":"2021-05-18T13:44:17","slug":"electronic-business","status":"publish","type":"page","link":"https:\/\/wi-lex.de\/lexikon\/inner-und-ueberbetriebliche-informationssysteme\/crm-scm-und-electronic-business\/electronic-business\/","title":{"rendered":"Electronic Business"},"content":{"rendered":"<p><a title=\"Martin Gersch\" href=\"https:\/\/www.wi-lex.de\/index.php\/autoren\/autorenverzeichnis\/gersch-prof-dr-martin\/\">Martin Gersch<\/a><\/p>\n<hr \/>\n<p align=\"JUSTIFY\"><em>Digitalisierung, Vernetzung und Integration bilden zentrale S\u00e4ulen des E-Business, das als Oberbegriff die Implikationen der Nutzung von Informations- und Kommunikationstechnologien zur elektronischen Unterst\u00fctzung der Durchf\u00fchrung und Koordination arbeitsteiliger Aktivit\u00e4ten charakterisiert.<\/em><\/p>\n<h2>E-Business und weitere Schlagw\u00f6rter<\/h2>\n<p align=\"JUSTIFY\">Die vermuteten Folgen der Verbreitung des <span class=\"LINKChar\"><a class=\"internal-link\" title=\"Internet\" href=\"https:\/\/www.wi-lex.de\/index.php\/lexikon\/technologische-und-methodische-grundlagen\/rechnernetze-und-kommunikationssysteme\/internet\/\">Internets<\/a><\/span> f\u00fchrten in Wissenschaft und Praxis zu neuen Wortsch\u00f6pfungen [Kelly 1999]. \u201e<em>New Economy<\/em>\u201c (synonym auch Net Economy, Internet\u00f6konomie) kennzeichnet vermeintlich neue Rahmenbedingungen f\u00fcr ganze Volkswirtschaften, <em>Electronic Business<\/em> und <em>Electronic Commerce<\/em> das Handeln einzelner Akteure. Das <span class=\"LINKChar\"><a class=\"internal-link\" title=\"Internet\" href=\"https:\/\/www.wi-lex.de\/index.php\/lexikon\/technologische-und-methodische-grundlagen\/rechnernetze-und-kommunikationssysteme\/internet\/\">Internet<\/a><\/span> ist dabei nur als ein \u2013 wenn auch wichtiger \u2013 Entwicklungsschritt zu sehen. Bereits <span class=\"LINKChar\"><a class=\"internal-link\" title=\"EDI\/EDIFACT\" href=\"https:\/\/www.wi-lex.de\/index.php\/lexikon\/inner-und-ueberbetriebliche-informationssysteme\/crm-scm-und-electronic-business\/electronic-business\/standards-im-electronic-business\/\">Electronic Data Interchange<\/a><\/span> erm\u00f6glichte elektronisch unterst\u00fctzte intra- und interorganisationale <span class=\"LINKChar\"><a class=\"internal-link\" title=\"Gesch\u00e4ftprozesse\" href=\"https:\/\/www.wi-lex.de\/index.php\/lexikon\/entwicklung-und-management-von-informationssystemen\/systementwicklung\/hauptaktivitaeten-der-systementwicklung\/problemanalyse\/geschaeftsprozessmodellierung\/\"> Gesch\u00e4ftsprozesse<\/a><\/span>; aktuell verschmelzen Informationstechnologien (<span class=\"LINKChar\"><a class=\"internal-link\" title=\"Hardware\" href=\"..\/..\/lexikon\/technologien-methoden\/Hardware\/index.html\">Hardware<\/a><\/span>, <span class=\"LINKChar\"><a class=\"internal-link\" title=\"Software\" href=\"..\/..\/lexikon\/technologien-methoden\/Software\">Software<\/a><\/span>, <span class=\"LINKChar\"><a class=\"internal-link\" title=\"Rechnernetz\" href=\"..\/..\/lexikon\/technologien-methoden\/Rechnernetz\">Rechnernetze<\/a><\/span>) mit anderen Medien im Rahmen von Konvergenzprozessen zu einem \u201eelektronisch-digitalen R\u00fcckgrat\u201c [Zerdick et al. 2001, S. 140 ff].<\/p>\n<div class=\"wl_box\">\n<p align=\"JUSTIFY\">E-Business &#8211; \u201eDoing business electronically\u201c:<br \/>\nelektronische Unterst\u00fctzung von <span class=\"LINKChar\"><a class=\"internal-link\" title=\"Gesch\u00e4ftprozesse\" href=\"..\/..\/lexikon\/lexikon\/is-management\/Systementwicklung\/Hauptaktivitaten-der-Systementwicklung\/Problemanalyse-\/Geschaftsprozessmodellierung\/index.html\/\"> Gesch\u00e4ftsprozessen<\/a><\/span> im Rahmen der Leistungserstellung sowie der horizontalen, vertikalen und lateralen Koordination.<\/p>\n<\/div>\n<p align=\"JUSTIFY\">Innerhalb des zu konstatierenden Begriffswirrwarrs [Hoppe 2002] finden hierarchische Definitionen Akzeptanz [u.a. Laudon, Laudon, Schoder 2015, S. 35 ff; Li 2005]. So kennzeichnet E-Business als Oberbegriff die elektronische Unterst\u00fctzung von <span class=\"LINKChar\"><a class=\"internal-link\" title=\"Gesch\u00e4ftprozesse\" href=\"https:\/\/www.wi-lex.de\/index.php\/lexikon\/entwicklung-und-management-von-informationssystemen\/systementwicklung\/hauptaktivitaeten-der-systementwicklung\/problemanalyse\/geschaeftsprozessmodellierung\/\"> Gesch\u00e4ftprozessen<\/a><\/span>, u.a. im Rahmen der Leistungserstellung sowie der horizontalen, vertikalen und lateralen Koordination mit Zulieferern, Kooperationspartnern und\/oder Nachfragern; in k\u00fcrzester Form: \u201edoing business electronically\u201c (u. a. bereits [Romm, Sudweeks 1998]). <span class=\"LINKChar\"><a class=\"internal-link\" title=\"Electronic Commerce\" href=\"https:\/\/www.wi-lex.de\/index.php\/lexikon\/inner-und-ueberbetriebliche-informationssysteme\/crm-scm-und-electronic-business\/electronic-business\/electronic-commerce\/\">E-Commerce<\/a><\/span> dagegen fokussiert als Teilbereich des E-Business ganz auf die Realisierung von Transaktionsprozessen.<\/p>\n<h2>Implikationen des E-Business<\/h2>\n<p align=\"JUSTIFY\"><em>Digitalisierung<\/em>, <em>Vernetzung<\/em> und <em>Integration<\/em> begr\u00fcnden verschiedene Chancen und Herausforderungen f\u00fcr Unternehmer, Unternehmen sowie ganze Branchen und M\u00e4rkte [Wirtz 2018, S. 30 ff], u. a.:<\/p>\n<h3>Nutzung strategischer Optionen<\/h3>\n<p align=\"JUSTIFY\">Im Rahmen des E-Business ergeben sich Chancen zur Gestaltung der zuk\u00fcnftigen Wettbewerbsf\u00e4higkeit von Unternehmungen. Abbildung 1 systematisiert \u00fcberblicksartig die Auswirkungsbereiche anhand eines fiktiven Beispiels:<\/p>\n<ul class=\"wl_bullet_me\">\n<li>\n<p align=\"JUSTIFY\">Steigerung von Effizienz und Effektivit\u00e4t durch Neu- und Umgestaltung prim\u00e4rer und sekund\u00e4rer Wertsch\u00f6pfungsaktivit\u00e4ten [Weiber 2002, S. 6 ff; Amberg, Bodendorf, M\u00f6slein 2011, S. 137 ff];<\/p>\n<\/li>\n<li>\n<p align=\"JUSTIFY\">Unternehmens\u00fcbergreifende Abstimmung von Akteuren, z. B. in vernetzten Gesch\u00e4ftsbeziehungen [Gersch 1998], Wertketten (z. B. \u201e<span class=\"LINKChar\"><a class=\"internal-link\" title=\"Supply Chain Management\" href=\"https:\/\/www.wi-lex.de\/index.php\/lexikon\/inner-und-ueberbetriebliche-informationssysteme\/crm-scm-und-electronic-business\/supply-chain-management\/\">Supply Chain Management<\/a><\/span>\u201c), in Wertsch\u00f6pfungsnetzwerken [Becker, Knackstett, Pfeiffer 2008] oder \u00d6kosystemen [Jacobides, Cennamo, Gawer 2018; Koskela-Huotari et al. 2016];<\/p>\n<\/li>\n<li>\n<p align=\"JUSTIFY\">Ver\u00e4nderte Gesch\u00e4ftsmodelle und Gesch\u00e4ftssystemausgestaltungen [Rappa 2012; Teece 2010, Veit et al. 2014], z. B. <span class=\"LINKChar\">Mobile Commerce<\/span> oder <span class=\"LINKChar\"><a class=\"internal-link\" title=\"Elektronischer Marktplatz\" href=\"https:\/\/www.wi-lex.de\/index.php\/lexikon\/inner-und-ueberbetriebliche-informationssysteme\/crm-scm-und-electronic-business\/electronic-business\/electronic-commerce\/elektronischer-marktplatz\/\">Elektronische Marktpl\u00e4tze bzw. Plattformen <\/a><\/span>als Intermedi\u00e4re;<\/p>\n<\/li>\n<li>\n<p align=\"JUSTIFY\">Einsatz von <span class=\"LINKChar\"><a class=\"internal-link\" title=\"Customer Relationship Management (CRM)\" href=\"..\/..\/lexikon\/informationssysteme\/crm-scm-und-electronic-business\/Customer-Relationship-Management\">Customer Relationship Management<\/a><\/span> (CRM) zur effektiven und effizienten Anbahnung, Steuerung und Kontrolle von Kundenbeziehungen durch Nutzung verschiedener Individualisierungs- und Analyseans\u00e4tze, wie z. B. <span class=\"LINKChar\"><a class=\"internal-link\" title=\"Data Mining\" href=\"https:\/\/www.wi-lex.de\/index.php\/lexikon\/informations-daten-und-wissensmanagement\/business-intelligence\/analytische-informationssysteme-methoden-der\/data-mining\/\">Data Mining<\/a><\/span> und kollaborative Filter [Gersch 2015; Laudon, Laudon, Schoder 2015; Hoseini, Hashemi, Hamzeh 2012; Hippner, Wilde 2013].<\/p>\n<\/li>\n<\/ul>\n<div class=\"visualClear\"><img loading=\"lazy\" decoding=\"async\" class=\"image-inline\" src=\"..\/..\/..\/Members\/gersch\/Auswirkungen-E-Business-768.jpg\/image_large\" alt=\"Auswirkungen des E-Business-768\" width=\"768\" height=\"307\" \/><\/div>\n<p class=\"wl_beschriftung\">Abb. 1: Auswirkungsbereiche des E-Business<\/p>\n<h3>Voraussetzungen \u201evernetzter Unternehmen\u201c<\/h3>\n<p align=\"JUSTIFY\">Zur Nutzung der E-Business-Potenziale \u201evernetzter Unternehmen\u201c m\u00fcssen die Akteure Voraussetzungen schaffen [Laudon, Laudon, Schoder 2015, S. 35 ff; Weiber, Z\u00fchlke 2005, S. 38 ff]. Hierzu geh\u00f6rt u. a. die (unternehmensinterne und\/oder unternehmens\u00fcbergreifende) Vernetzung und <a class=\"internal-link\" title=\"Informationssystem, Integration von\" href=\"https:\/\/www.wi-lex.de\/index.php\/lexikon\/informations-daten-und-wissensmanagement\/informationsmanagement\/informationsmanagement-aufgaben-des\/informationssystemen-integration-von\/\">Integration <\/a>verschiedener, typischerweise getrennt (fort-)entwickelter <a class=\"internal-link\" title=\"Informationssystem\" href=\"https:\/\/www.wi-lex.de\/index.php\/lexikon\/uebergreifender-teil\/kontext-und-grundlagen\/informationssystem\/\">Informations- und Kommunikationssysteme <\/a>[Mertens 2012] sowie die Gestaltung der zuk\u00fcnftigen Interoperabilit\u00e4t einmal geschaffener Systeme (Kopplung von Anwendungssystemen) und Gesch\u00e4ftsprozesse [Becker, Mathas, Winkelmann 2009]. Themen wie effizientes und effektives Gesch\u00e4ftsprozessmanagement (siehe auch <span class=\"LINKChar\"><a class=\"internal-link\" title=\"Prozessmanagement\" href=\"https:\/\/www.wi-lex.de\/index.php\/lexikon\/informations-daten-und-wissensmanagement\/informationsmanagement\/informationsmanagement-aufgaben-des\/prozessmanagement-business-process-management\/\">Prozessmanagement<\/a>) sowie die Gestaltung, <a class=\"internal-link\" title=\"Informationssystem, Integration von\" href=\"..\/..\/lexikon\/daten-wissen\/Informationsmanagement\/Informationsmanagement--Aufgaben-des\/Informationssystem--Integration-von-\">Integration <\/a>und Nutzung interorganisationaler Informationssysteme (IOIS), unter zunehmender Beachtung von Prozessen und Informationsinfrastrukturen auf Seiten der privaten Endnachfrager (\u201edigitale Nutzer\u201c \/ \u201eProsumer\u201c), \u00a0gewinnen hierbei an Relevanz [B\u00f6hmann et al. 2014; Brenner et al. 2014; Gersch et al. 2011; Rosemann, vom Brocke 2010; Gadatsch 2017; Reimers, Johnston, Klein 2010]. Von hoher Bedeutung f\u00fcr den immer erforderlichen Kompromiss zwischen Bindung und Flexibilit\u00e4t sind zudem auch <span class=\"LINKChar\"><a class=\"internal-link\" title=\"Standards im Electronic Business\" href=\"https:\/\/www.wi-lex.de\/index.php\/lexikon\/inner-und-ueberbetriebliche-informationssysteme\/crm-scm-und-electronic-business\/electronic-business\/standards-im-electronic-business\/\">Standards im Electronic Business<\/a>,<\/span> entsprechende Ordnungsrahmen, Informationsmodelle [Becker 2002] und Modellierungsans\u00e4tze von Informationssystemen [Frank et al. 2014]\u00a0sowie Entwicklungen wie z. B. <a class=\"internal-link\" title=\"Serviceorientierte Architektur\" href=\"https:\/\/www.wi-lex.de\/index.php\/lexikon\/entwicklung-und-management-von-informationssystemen\/systementwicklung\/softwarearchitektur\/architekturparadigmen\/serviceorientierte-architektur\/\">Service Orientierte Architekturen<\/a> (SOA).<\/span><\/p>\n<h3>Digitale Transformation<\/h3>\n<p align=\"JUSTIFY\">Digitalisierung, Vernetzung und Integration gehen einher mit nachhaltigen Ver\u00e4nderungs- und Transformationsprozessen auf der Ebene von <span class=\"LINKChar\"><a class=\"internal-link\" title=\"Gesch\u00e4ftprozesse\" href=\"https:\/\/www.wi-lex.de\/index.php\/lexikon\/entwicklung-und-management-von-informationssystemen\/systementwicklung\/hauptaktivitaeten-der-systementwicklung\/problemanalyse\/geschaeftsprozessmodellierung\/\"> Gesch\u00e4ftprozessen<\/a><\/span>, einzelnen Unternehmen, umfassenden Kooperationsnetzwerken sowie relevanten M\u00e4rkten und Branchen. Von dieser sog. \u201e<span class=\"LINKChar\"><a class=\"internal-link\" title=\"Digitale Transformation\" href=\"https:\/\/www.wi-lex.de\/index.php\/lexikon\/technologische-und-methodische-grundlagen\/informatik-grundlagen\/digitalisierung\/digitale-transformation\/\">digitalen Transformation<\/a><\/span>\u201c sind Akteure und M\u00e4rkte\u00a0unterschiedlich stark gekennzeichnet (vgl. [Gersch, Goeke 2004; Legner, et al. 2017; Matt, Hess, Benlian 2015; Weiber, Z\u00fchlke 2005, S. 37 ff] sowie\u00a0exemplarisch f\u00fcr das Gesundheitswesen:\u00a0<a class=\"internal-link\" title=\"E-Health und Health-IT\" href=\"https:\/\/www.wi-lex.de\/index.php\/lexikon\/inner-und-ueberbetriebliche-informationssysteme\/sektorspezifische-anwendungssysteme\/gesundheitswesen-anwendungssysteme-im\/e-health-und-health-it\/\">E-Health und Health-IT<\/a>).<\/p>\n<hr \/>\n<h3>Literatur<\/h3>\n<p>Amberg, M.; Bodendorf, F.; M\u00f6slein, K.: Wertsch\u00f6pfungsorientierte Wirtschaftsinformatik. Springer-Lehrbuch Volume 4: Springer, 2011.<\/p>\n<p>Becker, J.: Informationsmodelle f\u00fcr das Electronic Business. In: Weiber, Rolf (Hrsg.): Handbuch Electronic Business. 2. Aufl., Wiesbaden: Gabler, 2002, S. 79-98.<\/p>\n<p>Becker, J.; Knackstedt, R.; Pfeiffer, D.: Wertsch\u00f6pfungsnetzwerke. Heidelberg: Physica, 2008.<\/p>\n<p>Becker, J.; Mathas, C.; Winkelmann, A.: Gesch\u00e4ftsprozessmanagement. London et al.: Springer, 2009.<\/p>\n<p>B\u00f6hmann, T.; Leimeister, J.M.; M\u00f6slein, K.: Service Systems Engineering, in: Wirtschaftsinformatik, Vol. 56(1) 2014, S. 83-90.<\/p>\n<p>Brenner, W.; Karagiannis, D.; Kolbe, L. et al.: User, Use &amp; Utility Research \u2013 die Gestaltungsperspektive der Wirtschaftsinformatik auf den digitalen Nutzer, in: Wirtschaftsinformatik, Vol. 56(1) 2014, S. 65-72.<\/p>\n<p>Frank, U.; Strecker, S.; Fettke, P. et al.: Das Forschungsfeld \u201eModellierung betrieblicher Informationssysteme\u201c, in: Wirtschaftsinformatik, Vol. 56(1) 2014, S. 49-54.<\/p>\n<p>F\u00fcrstenau, D.; Auschra, C.; Klein, S.; Gersch, M.: A process perspective on platform design and management: evidence from a digital platform in health care, in: Electronic Markets, 2018<\/p>\n<p>Gadatsch, A.: Grundkurs Gesch\u00e4ftsprozessmanagement, 8. Aufl. Wiesbaden 2017.<\/p>\n<p>Gersch, M.: Vernetzte Gesch\u00e4ftsbeziehungen. Wiesbaden: Gabler, 1998.<\/p>\n<p>Gersch, M.: Customer Relationship Management, in: Kleinaltenkamp, M. et al.: Business Relationship Management and Marketing, Wiesbaden: Springer, 2015, S. 289-329.<\/p>\n<p>Gersch, M.; Goeke, C.: Entwicklungsstufen des E-Business, in: Das Wirtschaftsstudium (wisu) 33 (2004), Nr. 12, S. 1529-1534.<\/p>\n<p>Gersch, M.; Hewing, M.; Sch\u00f6ler, B.: Business Process Blueprinting \u2013 An Enhanced View On Process Performance, in: Business Process Management Journal, Vol. 17 (5) 2011, S. 732-747.<\/p>\n<p>Hippner, H.; Wilde, K. D.: Data Mining im CRM, in: Helmke, S.; Uebel, M. F.; Dangelmaier, W. (Hrsg.): Effektives Customer Relationship Management, 5. Aufl., Wiesbaden: Springer, 2013, S. 179-196.<\/p>\n<p>Hoppe, U.: Electronic Business und Electronic Commerce : Ein Beitrag zur Begriffsbildung, in: Gabriel, R. Hoppe, U. (Hrsg.): Electronic Business. Heidelberg: Physica, 2002, S. 1-22.<\/p>\n<p>Hoseini, E.; Hashemi, S.; Hamzeh, A.: SPCF: a stepwise partitioning for collaborative filtering to alleviate sparsity problems, in: Journal of Information Science, Vol. 38 (6) 2012, S. 578-592.<\/p>\n<p>Jacobides, M. G.; Cennamo, C.; Gawer, A.: Towards a theory of ecosystems, Strategic Management Journal, Vol. 39 (8) 2018, S. 2255-2276.<\/p>\n<p>Kelly, K.: New Rules for the New Economy. New York: Penguin, 1999.<\/p>\n<p>Koskela-Huotari, K.; Edvardsson, B.; Jonas, J. M.; S\u00f6rhammar, D.; Witell, L.: Innovation in service ecosystems\u2014Breaking, making, and maintaining institutionalized rules of resource integration, Journal of Business Research, Vol. 69 (8) 2016, S. 2964-2971<\/p>\n<p>Laudon, K. C.; Laudon, J. P.; Schoder, D.: Wirtschaftsinformatik. Eine Einf\u00fchrung, 3. Aufl., M\u00fcnchen: Pearson, 2015.<\/p>\n<p>Li, F.: Editorial: Understanding E-Business from Multiple Perspectives. In: Electronic Commerce Research and Applications 4 (2005), S. v-vi.<\/p>\n<p>Matt C.; Hess T.; Benlian A.: Digital Transformation Strategies, in: Business Information Systems Engineering 57(5) 2015. S. 339\u2013343.<\/p>\n<p>Mertens, P.: Integrierte Informationsverarbeitung 1, 18. Aufl., Wiesbaden: Gabler, 2012.<\/p>\n<p>Rappa, M.: Business Models on the Web, http:\/\/digitalenterprise.org\/models\/models.html (Abruf 10.09.2014).<\/p>\n<p>Reimers, K.; Johnston, R.B.; Klein, S.: The Difficulty of Studying Interorganisational IS Phenomena on Large Scales: Critical Reflections on a Research Journey, in: Electronic Markets, Vol. 20 (3-4) 2010, S. 229-240.<\/p>\n<p>Romm, C. T.; Sudweeks, F. (Hrsg.): Doing business electronically, London et al.: Springer, 1998.<\/p>\n<p>Rosemann, M.; vom Brocke, J.: The six Core Elements of Business Process Management, in: vom Brocke, J.; Rosemann, M. [Hrsg.]: Handbook on Business Process Management 1, Berlin u.a.: Springer, 2010, S. 107-122.<\/p>\n<p>Teece, D. J.: Business Models, Business Strategy and Innovation, in: Long Range Planning, 2010, Vol. 43(2), 172-194.<\/p>\n<p>Veit, D.; Clemons, D.; Benlian, A. et al.: Gesch\u00e4ftsmodelle, in: Wirtschaftsinformatik, Vol. 56(1) 2014, S. 55-64.<\/p>\n<p>Weiber, R.: Herausforderung Electronic Business, in: Weiber, R. (Hrsg.): Handbuch Electronic Business. 2. Aufl., Wiesbaden: Gabler, 2002, S. 1-37.<\/p>\n<p>Weiber, R.; Z\u00fchlke, S.: Elektronische Gesch\u00e4ftsprozesse im Business-to-Business Sektor, in: J\u00e4ckel, M.; Weiber, R. (Hrsg.): Arbeit im E-Business, M\u00fcnchen: Vahlen 2005, S. 13-79.<\/p>\n<p>Wirtz, B.: Electronic Business, 6. Aufl., Wiesbaden: Gabler, 2018.<\/p>\n<p>Zerdick, A.; Picot, A.; Schrape, K. et al.: Die Internet-\u00d6konomie, 3. Aufl., Berlin u.a.: Springer, 2001<\/p>\n<p>&nbsp;<\/p>\n","protected":false},"excerpt":{"rendered":"<p>Martin Gersch Digitalisierung, Vernetzung und Integration bilden zentrale S\u00e4ulen des E-Business, das als Oberbegriff die Implikationen der Nutzung von Informations- und Kommunikationstechnologien zur elektronischen Unterst\u00fctzung der Durchf\u00fchrung und Koordination arbeitsteiliger Aktivit\u00e4ten charakterisiert. E-Business und weitere Schlagw\u00f6rter Die vermuteten Folgen der <a href=\"https:\/\/wi-lex.de\/lexikon\/inner-und-ueberbetriebliche-informationssysteme\/crm-scm-und-electronic-business\/electronic-business\/\" class=\"read-more\">Read More &#8230;<\/a><\/p>\n","protected":false},"author":568,"featured_media":0,"parent":9322,"menu_order":1,"comment_status":"open","ping_status":"open","template":"","meta":{"footnotes":""},"class_list":["post-3916","page","type-page","status-publish","hentry"],"_links":{"self":[{"href":"https:\/\/wi-lex.de\/wp-json\/wp\/v2\/pages\/3916","targetHints":{"allow":["GET"]}}],"collection":[{"href":"https:\/\/wi-lex.de\/wp-json\/wp\/v2\/pages"}],"about":[{"href":"https:\/\/wi-lex.de\/wp-json\/wp\/v2\/types\/page"}],"author":[{"embeddable":true,"href":"https:\/\/wi-lex.de\/wp-json\/wp\/v2\/users\/568"}],"replies":[{"embeddable":true,"href":"https:\/\/wi-lex.de\/wp-json\/wp\/v2\/comments?post=3916"}],"version-history":[{"count":7,"href":"https:\/\/wi-lex.de\/wp-json\/wp\/v2\/pages\/3916\/revisions"}],"predecessor-version":[{"id":14228,"href":"https:\/\/wi-lex.de\/wp-json\/wp\/v2\/pages\/3916\/revisions\/14228"}],"up":[{"embeddable":true,"href":"https:\/\/wi-lex.de\/wp-json\/wp\/v2\/pages\/9322"}],"wp:attachment":[{"href":"https:\/\/wi-lex.de\/wp-json\/wp\/v2\/media?parent=3916"}],"curies":[{"name":"wp","href":"https:\/\/api.w.org\/{rel}","templated":true}]}}