{"id":3782,"date":"2019-04-08T12:33:01","date_gmt":"2019-04-08T10:33:01","guid":{"rendered":"https:\/\/dev.wi-lex.de\/index.php\/breitbandkommunikation\/"},"modified":"2022-03-28T13:54:12","modified_gmt":"2022-03-28T11:54:12","slug":"breitbandkommunikation","status":"publish","type":"page","link":"https:\/\/wi-lex.de\/lexikon\/technologische-und-methodische-grundlagen\/rechnernetze-und-kommunikationssysteme\/breitbandkommunikation\/","title":{"rendered":"Breitbandkommunikation"},"content":{"rendered":"<p align=\"JUSTIFY\"><em>Unter Breitbandkommunikation versteht man den Austausch von Informationen mit einer \u00dcbertragungsrate von mindestens 2 Mbit\/s. Wenn heutzutage von Breitbandkommunikation gesprochen wird, ist meist ein Breitband-Internetzugang gemeint. Breitband-Internetzug\u00e4nge sind weit verbreitet und werden in Deutschland meist durch die DSL-Technologie realisiert.<\/em><\/p>\n<h2>Definition<\/h2>\n<p align=\"JUSTIFY\">Bandbreite bezeichnet die \u00dcbertragungsrate einer Leitung [Kurose 2002]. Sie wird in Bit pro Sekunde (bit\/s oder bps) gemessen. Unter Breitbandkommunikation versteht man die \u00dcbermittlung von Informationen \u00fcber Systeme zur Daten\u00fcbertragung, sie wird definiert durch die Kapazit\u00e4t der Verbindung und die Geschwindigkeit [International Telecommunication Union 2008]. Eine einheitliche Definition, ab welcher Daten\u00fcbertragungsrate von Breitbandkommunikation gesprochen wird, gibt es nicht. Die Internationale Fernmeldeunion (ITU) spricht ab 2048 Kbit\/s von Breitbandverbindungen [International Telecommunication Union, 2008], die Bundesregierung bereits ab 1024 Kbit\/s. Mit fortschreitender Weiterentwicklung der Kommunikationstechnik, steigt der Wert der Daten\u00fcbertragungsrate.<\/p>\n<h2>Technische Realisierung<\/h2>\n<p align=\"JUSTIFY\">Das Bundesministerium f\u00fcr Verkehr und digitale Infrastruktur listet folgende Breitbandtechnologien [BMVI a 2016]:<\/p>\n<ul>\n<li>\n<p align=\"JUSTIFY\">Digital Subscriber Line (DSL): DSL-Verbindungen nutzen Telefonleitungen aus Kupfer und stellen die am weitesten verbreitete Form von Breitbandzug\u00e4ngen dar. Charakteristisch f\u00fcr die meisten DSL-Anschl\u00fcsse sind unterschiedliche Up- und Downloadgeschwindigkeiten.<\/p>\n<\/li>\n<li>\n<p align=\"JUSTIFY\">Glasfaser bzw. Lichtwellenleiter (LWL): Die Daten werden als Lichtsignale \u00fcbertragen. Es sind h\u00f6here \u00dcbertragungsraten als bei DSL m\u00f6glich. Da die Glasfaserkabel jedoch extra verlegt werden m\u00fcssen, werden sie in der Regel nur f\u00fcr Datenfernleitungen (Backbone) eingesetzt, f\u00fcr die \u201eletzten Meter\u201c zum Endkunden werden vorhandene Kupferkabel genutzt.<\/p>\n<\/li>\n<li>\n<p align=\"JUSTIFY\">Satellit: Erm\u00f6glicht \u00dcbertragungsraten bis zu 18 Mbit\/s im Download und 6 Mbit\/s im Upload. Der Empfang erfolgt \u00fcber eine Satellitensch\u00fcssel.<\/p>\n<\/li>\n<li>\n<p align=\"JUSTIFY\">TV-Kabel: Die Daten\u00fcbertragung erfolgt \u00fcber das auch zum Fernsehen genutzte Kupferkoaxialkabel, welches durch einen abschirmenden Kupfermantel eine h\u00f6here Resistenz gegen St\u00f6rungen aufweist als Telefonleitungen aus Kupfer.<\/p>\n<\/li>\n<li>\n<p align=\"JUSTIFY\">Universal Mobile Telecommunications System (UMTS)\/ High Speed Packet Access (HSPA): Hierbei handelt es sich um eine mobile Breitbandtechnik. UMTS wird vor allem in Ballungsr\u00e4umen unterst\u00fctzt. Mobile Endger\u00e4te suchen in der Regel bevorzugt nach einem verf\u00fcgbaren HSPA-Netz und greifen bei fehlender Verf\u00fcgbarkeit auf ein Signal mit geringerer Bandbreite zur\u00fcck.<\/p>\n<\/li>\n<li>\n<p align=\"JUSTIFY\">Wireless Local Area Network (<a class=\"internal-link\" title=\"Wireless Network\" href=\"https:\/\/www.wi-lex.de\/index.php\/lexikon\/technologische-und-methodische-grundlagen\/rechnernetze-und-kommunikationssysteme\/wireless-network\/\">WLAN<\/a>): Ein WLAN stellt ein lokales, drahtloses Netzwerk dar, das vor allem bei Privathaushalten und Unternehmen Anwendung findet. An vielen Orten, bspw. in Z\u00fcgen, Hotels oder Flugh\u00e4fen, gibt es, teils kostenpflichtige, Hotspots, an denen Nutzer mit WLAN-f\u00e4higen Ger\u00e4ten online gehen k\u00f6nnen.<\/p>\n<\/li>\n<li>\n<p align=\"JUSTIFY\">Richtfunk: Hierbei handelt es sich ebenfalls um eine drahtlose Daten\u00fcbertragungsform, die jedoch im Gegensatz zu WLAN \u00fcber mehrere Kilometer funktioniert. Richtfunk wird genutzt, um \u00f6rtliche Telekommunikationsnetze mit Netzknoten zu verbinden.<\/p>\n<\/li>\n<li>\n<p align=\"JUSTIFY\">Long Term Evolution (LTE): Dieser Mobilfunkstandard ist vergleichsweise neu und erlaubt schnellere Daten\u00fcbertragung als UMTS und HSPA (bis zu 100 Mbit\/s). Derzeit wird der Ausbau des LTE-Netzes in Deutschland vorangetrieben. LTE ist bereits in vielen St\u00e4dten verf\u00fcgbar.<\/p>\n<\/li>\n<\/ul>\n<p align=\"JUSTIFY\">Laut Statistischem Bundesamt [2016] nutzen im Jahr 2015 82% der deutschen Haushalte einen Breitbandanschluss.<\/p>\n<h2>Verbreitung<\/h2>\n<p align=\"JUSTIFY\">Das Bundesministerium f\u00fcr Verkehr und digitale Infrastruktur f\u00fchrt einen sogenannten Breitbandatlas. Hier k\u00f6nnen gefiltert nach Bandbreite, Bundesland und Technologie diverse Karten erstellt und der derzeitige Verbreitungsstand eingesehen werden [BMVI b 2016]. Die Breitbandverf\u00fcgbarkeit in Deutschland zum Stand Mitte 2016 ist in der folgenden Abbildung 1 visualisiert [BMVI c 2016].<\/p>\n<p align=\"center\"><img loading=\"lazy\" decoding=\"async\" class=\"image-inline\" src=\"GrafikBreitbandkommunikation.jpg\/image_large\" alt=\"GrafikBreitbandkommunikation\" width=\"560\" height=\"376\" \/><\/p>\n<p class=\"wl_beschriftung\">Abb. 1: Breitbandverf\u00fcgbarkeit in Deutschland nach Bandbreitenklassen &#8211; alle Technologien [BMVI c 2016]<\/p>\n<h2><\/h2>\n<h2>Realisierte Dienste<\/h2>\n<p align=\"JUSTIFY\">Das Bundesministerium f\u00fcr Verkehr und digitale Infrastruktur nennt verschiedene Anwendungspotentiale, die durch Breitbandinternetzug\u00e4nge realisiert werden k\u00f6nnen (mit absteigender Liste steigt die f\u00fcr den jeweiligen Dienst notwendige Bandbreite) [BMVI d 2016]:<\/p>\n<ul>\n<li>\n<p align=\"JUSTIFY\"><a class=\"internal-link\" title=\"Instant-Messaging-Protokolle\" href=\"https:\/\/www.wi-lex.de\/index.php\/lexikon\/technologische-und-methodische-grundlagen\/rechnernetze-und-kommunikationssysteme\/protokoll\/instant-messaging-protokolle\/\">Instant-Messaging<\/a><\/p>\n<\/li>\n<li>\n<p align=\"JUSTIFY\">M2M (Machine to Machine): Automatisierter Austausch von Informationen zwischen Endger\u00e4ten, wie z.B. Maschinen, Automaten oder Fahrzeugen.<\/p>\n<\/li>\n<\/ul>\n<ul>\n<li>\n<p align=\"JUSTIFY\">Surfen\/<a class=\"internal-link\" title=\"E-Mail\" href=\"https:\/\/www.wi-lex.de\/index.php\/lexikon\/technologische-und-methodische-grundlagen\/rechnernetze-und-kommunikationssysteme\/internet\/e-mail\/\"> E-Mail<\/a><\/p>\n<\/li>\n<li>\n<p align=\"JUSTIFY\">e-Services: Erbringen von Dienstleistungen \u00fcber das Internet.<\/p>\n<\/li>\n<li>\n<p align=\"JUSTIFY\"><a class=\"internal-link\" title=\"Social Media\" href=\"https:\/\/www.wi-lex.de\/index.php\/lexikon\/informations-daten-und-wissensmanagement\/wissensmanagement\/soziales-netzwerk\/social-media\/\">Social Media<\/a><\/p>\n<\/li>\n<\/ul>\n<ul class=\"wl_bullet_oe\">\n<li>\n<p align=\"JUSTIFY\">Videotelefonie\/-Konferenz<\/p>\n<\/li>\n<li>Home Office\/ Telearbeit<\/li>\n<li>\n<p align=\"JUSTIFY\">Cloud Computing<\/p>\n<\/li>\n<li>\n<p align=\"JUSTIFY\">IPTV (Internet Protocol Television)<\/p>\n<\/li>\n<li>\n<p align=\"JUSTIFY\">Online Backup<\/p>\n<\/li>\n<li>\n<p align=\"JUSTIFY\"><a class=\"internal-link\" title=\"Telemedizin\" href=\"https:\/\/www.wi-lex.de\/index.php\/lexikon\/inner-und-ueberbetriebliche-informationssysteme\/sektorspezifische-anwendungssysteme\/gesundheitswesen-anwendungssysteme-im\/telemedizin\/\">Telemedizin<\/a>: Patientenportale; Zugriff auf eigene Patientendaten \u00fcber das Internet, wie beispielsweise R\u00f6ntgenbilder<\/p>\n<\/li>\n<li>\n<p align=\"JUSTIFY\">Standort Vernetzung<\/p>\n<\/li>\n<li>\n<p align=\"JUSTIFY\">Ultra HDTV (Ultra High Definition Television)<\/p>\n<\/li>\n<\/ul>\n<h2><span class=\"Apple-style-span\">Weiterf\u00fchrende Informationen<\/span><\/h2>\n<p align=\"JUSTIFY\">Viele Informationen zu Breitband-Internet, dessen Verbreitung\u00a0und dessen wirtschaftlichen Auswirkungen findet man auf den Seiten des Breitbandportals\u00a0des Bundesministeriums f\u00fcr Verkehr und digitale Infrastruktur: <a class=\"external-link\" href=\"http:\/\/www.zukunft-breitband.de\" target=\"_blank\" rel=\"noopener\">www.zukunft-breitband.de <\/a>Der \u201eBundesverband Informationswirtschaft, Telekommunikation\u00a0und neue Medien e.V.\u201c (BITKOM) bietet ebenfalls viele Informationen zu Breitband-Internet\u00a0an [BITKOM 2008].<\/p>\n<hr \/>\n<h3>Literatur<\/h3>\n<p class=\"LITERATURQUELLE\">Aktuelle Breitbandverf\u00fcgbarkeit in Deutschland (Stand Mitte 2019). https:\/\/www.bmvi.de\/SharedDocs\/DE\/Publikationen\/DG\/breitband-verfuegbarkeit-mitte-2019.pdf?__blob=publicationFile, zugegriffen 28.05.2020.<\/p>\n<p class=\"LITERATURQUELLE\">BITKOM: http:\/\/www.bitkom.org\/, zugegriffen am 28.05.2020.<\/p>\n<p class=\"LITERATURQUELLE\">Bundesministerium f\u00fcr Verkehr und digitale Infrastruktur: https:\/\/www.bmvi.de\/DE\/Themen\/Digitales\/<\/p>\n<p class=\"LITERATURQUELLE\">International Telecommunication Union: http:\/\/www.itu.int\/osg\/spu\/publications\/birthofbroadband\/faq.html, zugegriffen am 28.05.2020<\/p>\n<p class=\"LITERATURQUELLE\">International Telecommunications Union: ITU-T G.993.1 \/ VDSL1.<\/p>\n<p class=\"LITERATURQUELLE\">International Telecommunications Union: ITU-T G.993.2 \/ VDSL2.<\/p>\n<p class=\"LITERATURQUELLE\">Kurose, J.; Ross, K.: Computernetze. Ein Top-Down-Ansatz mit Schwerpunkt Internet. Pearson Studium 2002.<\/p>\n<p>&nbsp;<\/p>\n<p>Dieser Eintrag ist unter Mitarbeit von\u00a0<span class=\"documentContributors\"><span class=\"documentAuthor\">Ren\u00e9 Wegener verfasst worden.<\/span><\/span><\/p>\n<div id=\"accel-snackbar\" style=\"left: 50%; transform: translate(-50%, 0px); bottom: 50px;\"><\/div>\n","protected":false},"excerpt":{"rendered":"<p>Unter Breitbandkommunikation versteht man den Austausch von Informationen mit einer \u00dcbertragungsrate von mindestens 2 Mbit\/s. Wenn heutzutage von Breitbandkommunikation gesprochen wird, ist meist ein Breitband-Internetzugang gemeint. Breitband-Internetzug\u00e4nge sind weit verbreitet und werden in Deutschland meist durch die DSL-Technologie realisiert. Definition <a href=\"https:\/\/wi-lex.de\/lexikon\/technologische-und-methodische-grundlagen\/rechnernetze-und-kommunikationssysteme\/breitbandkommunikation\/\" class=\"read-more\">Read More &#8230;<\/a><\/p>\n","protected":false},"author":568,"featured_media":0,"parent":9474,"menu_order":5,"comment_status":"open","ping_status":"open","template":"","meta":{"footnotes":""},"class_list":["post-3782","page","type-page","status-publish","hentry"],"_links":{"self":[{"href":"https:\/\/wi-lex.de\/wp-json\/wp\/v2\/pages\/3782","targetHints":{"allow":["GET"]}}],"collection":[{"href":"https:\/\/wi-lex.de\/wp-json\/wp\/v2\/pages"}],"about":[{"href":"https:\/\/wi-lex.de\/wp-json\/wp\/v2\/types\/page"}],"author":[{"embeddable":true,"href":"https:\/\/wi-lex.de\/wp-json\/wp\/v2\/users\/568"}],"replies":[{"embeddable":true,"href":"https:\/\/wi-lex.de\/wp-json\/wp\/v2\/comments?post=3782"}],"version-history":[{"count":10,"href":"https:\/\/wi-lex.de\/wp-json\/wp\/v2\/pages\/3782\/revisions"}],"predecessor-version":[{"id":16087,"href":"https:\/\/wi-lex.de\/wp-json\/wp\/v2\/pages\/3782\/revisions\/16087"}],"up":[{"embeddable":true,"href":"https:\/\/wi-lex.de\/wp-json\/wp\/v2\/pages\/9474"}],"wp:attachment":[{"href":"https:\/\/wi-lex.de\/wp-json\/wp\/v2\/media?parent=3782"}],"curies":[{"name":"wp","href":"https:\/\/api.w.org\/{rel}","templated":true}]}}