{"id":372,"date":"2019-02-13T21:31:14","date_gmt":"2019-02-13T20:31:14","guid":{"rendered":"http:\/\/localhost\/wordpress\/?page_id=372"},"modified":"2023-07-17T17:32:28","modified_gmt":"2023-07-17T15:32:28","slug":"breitschwerdt-prof-dr-ruediger","status":"publish","type":"page","link":"https:\/\/wi-lex.de\/autoren\/autorenverzeichnis\/breitschwerdt-prof-dr-ruediger\/","title":{"rendered":"Breitschwerdt, Prof. Dr. R\u00fcdiger"},"content":{"rendered":"<hr \/>\n<p align=\"JUSTIFY\"><em>Prof. Dr. R\u00fcdiger Breitschwerdt, <\/em>Wilhelm B\u00fcchner Hochschule, Hilpertstra\u00dfe 31, 64295 Darmstadt<\/p>\n<h2><\/h2>\n<h2>Arbeitsschwerpunkte<\/h2>\n<ul>\n<li>eHealth \/ mHealth\/ Health IT\/ Digital Health<span class=\"Apple-converted-space\">\u00a0<\/span><\/li>\n<li>Prozessmanagement<span class=\"Apple-converted-space\">\u00a0<\/span><\/li>\n<li>Mobile und ubiquit\u00e4re L\u00f6sungen<span class=\"Apple-converted-space\">\u00a0<\/span><\/li>\n<li>Entscheidungsunterst\u00fctzung<\/li>\n<\/ul>\n<div id=\"parent-fieldname-text\">\n<h2>Besucheradresse<\/h2>\n<p>Prof. Dr. R\u00fcdiger Breitschwerdt<\/p>\n<p>Wilhelm B\u00fcchner Hochschule<\/p>\n<p>Hilpertstra\u00dfe 31<\/p>\n<p>64295 Darmstadt<\/p>\n<h2>Kommunikation<\/h2>\n<p>E-Mail: <a href=\"mailto:Ruediger.Breitschwerdt@wb-fernstudium.de\">Ruediger.Breitschwerdt@wb-fernstudium.de<\/a><\/p>\n<p>Fax.: +49 (0)6151-3842-401<\/p>\n<p>Homepage: <a href=\"https:\/\/www.wb-fernstudium.de\/ueber-uns\/hochschule\/hochschulteam\/vitae-der-professoren.html?anchor=c2570\" target=\"_blank\" rel=\"noopener\">https:\/\/www.wb-fernstudium.de\/ueber-uns\/hochschule\/hochschulteam\/vitae-der-professoren.html?anchor=c2570\u00a0<\/a><\/p>\n<\/div>\n","protected":false},"excerpt":{"rendered":"<p>Prof. Dr. R\u00fcdiger Breitschwerdt, Wilhelm B\u00fcchner Hochschule, Hilpertstra\u00dfe 31, 64295 Darmstadt Arbeitsschwerpunkte eHealth \/ mHealth\/ Health IT\/ Digital Health\u00a0 Prozessmanagement\u00a0 Mobile und ubiquit\u00e4re L\u00f6sungen\u00a0 Entscheidungsunterst\u00fctzung Besucheradresse Prof. Dr. R\u00fcdiger Breitschwerdt Wilhelm B\u00fcchner Hochschule Hilpertstra\u00dfe 31 64295 Darmstadt Kommunikation E-Mail: Ruediger.Breitschwerdt@wb-fernstudium.de <a href=\"https:\/\/wi-lex.de\/autoren\/autorenverzeichnis\/breitschwerdt-prof-dr-ruediger\/\" class=\"read-more\">Read More &#8230;<\/a><\/p>\n","protected":false},"author":568,"featured_media":0,"parent":319,"menu_order":0,"comment_status":"closed","ping_status":"closed","template":"","meta":{"footnotes":""},"class_list":["post-372","page","type-page","status-publish","hentry"],"_links":{"self":[{"href":"https:\/\/wi-lex.de\/wp-json\/wp\/v2\/pages\/372","targetHints":{"allow":["GET"]}}],"collection":[{"href":"https:\/\/wi-lex.de\/wp-json\/wp\/v2\/pages"}],"about":[{"href":"https:\/\/wi-lex.de\/wp-json\/wp\/v2\/types\/page"}],"author":[{"embeddable":true,"href":"https:\/\/wi-lex.de\/wp-json\/wp\/v2\/users\/568"}],"replies":[{"embeddable":true,"href":"https:\/\/wi-lex.de\/wp-json\/wp\/v2\/comments?post=372"}],"version-history":[{"count":8,"href":"https:\/\/wi-lex.de\/wp-json\/wp\/v2\/pages\/372\/revisions"}],"predecessor-version":[{"id":16944,"href":"https:\/\/wi-lex.de\/wp-json\/wp\/v2\/pages\/372\/revisions\/16944"}],"up":[{"embeddable":true,"href":"https:\/\/wi-lex.de\/wp-json\/wp\/v2\/pages\/319"}],"wp:attachment":[{"href":"https:\/\/wi-lex.de\/wp-json\/wp\/v2\/media?parent=372"}],"curies":[{"name":"wp","href":"https:\/\/api.w.org\/{rel}","templated":true}]}}