{"id":14,"date":"2019-02-12T12:13:05","date_gmt":"2019-02-12T11:13:05","guid":{"rendered":"http:\/\/localhost\/wordpress\/?page_id=14"},"modified":"2019-02-12T12:13:05","modified_gmt":"2019-02-12T11:13:05","slug":"benutzungshinweise","status":"publish","type":"page","link":"https:\/\/wi-lex.de\/benutzungshinweise\/","title":{"rendered":"Benutzungshinweise"},"content":{"rendered":"<hr \/>\n<p class=\"documentDescription\">\n<p align=\"JUSTIFY\"><em><span id=\"parent-fieldname-description\" class=\"\">Die Enzyklop\u00e4die der Wirtschaftsinformatik ist nach inhaltlichen Teilbereichen hierarchisch gegliedert. Die Stichw\u00f6rter sind diesen Teilbereichen zugeordnet. Die Gesamtstruktur kann \u00fcber den Button Struktur (rechts oben im Kopf der Seiten) aufgerufen werden.<\/span><\/em><\/p>\n<div id=\"parent-fieldname-text\" class=\"\">\n<h2>Auffinden der Enzyklop\u00e4die<\/h2>\n<p align=\"JUSTIFY\">Die Enzyklop\u00e4die der Wirtschaftsinformatik kann im World Wide Web unter den folgenden Adressen angesprochen werden:<\/p>\n<p align=\"JUSTIFY\"><a href=\"http:\/\/www.enzyklopaedie-der-wirtschaftsinformatik.de\/\" target=\"_blank\" rel=\"noopener\">http:\/\/www.enzyklopaedie-der-wirtschaftsinformatik.de\/<\/a><\/p>\n<p align=\"JUSTIFY\">(bzw.\u00a0<span class=\"link-external\"><a href=\"http:\/\/enzyklopaedie-der-wirtschaftsinformatik.de\/\" target=\"_blank\" rel=\"noopener\">http:\/\/enzyklopaedie-der-wirtschaftsinformatik.de<\/a><\/span>)<\/p>\n<p align=\"JUSTIFY\"><span class=\"link-external\"><a href=\"http:\/\/www.wirtschaftsinformatik-lexikon.de\/\" target=\"_blank\" rel=\"noopener\">http:\/\/www.wirtschaftsinformatik-lexikon.de\/<\/a><\/span>\u00a0 (bzw.\u00a0<span class=\"link-external\"><a href=\"http:\/\/wirtschaftsinformatik-lexikon.de\/\" target=\"_blank\" rel=\"noopener\">http:\/\/wirtschaftsinformatik-lexikon.de<\/a><\/span>)<\/p>\n<p align=\"JUSTIFY\"><span class=\"link-external\"><a href=\"http:\/\/www.wi-lex.de\/\" target=\"_blank\" rel=\"noopener\">http:\/\/www.wi-lex.de\/<\/a><\/span>\u00a0 (bzw.\u00a0<span class=\"link-external\"><a href=\"http:\/\/wi-lex.de\/\" target=\"_blank\" rel=\"noopener\">http:\/\/wi-lex.de<\/a><\/span>)<\/p>\n<h2>Stichwortsuche<\/h2>\n<p align=\"JUSTIFY\">Es gibt verschiedene Wege, ein Stichwort aufzufinden, und zwar \u00fcber:<\/p>\n<ul>\n<li>die Suchfunktion<\/li>\n<li>den alphabetischen Index<\/li>\n<li>die Struktur<\/li>\n<li>die Navigationsleiste<\/li>\n<\/ul>\n<h3>Suchfunktion<\/h3>\n<p align=\"JUSTIFY\">Die Suchfunktion des verwendeten Content Management Systems ist sehr m\u00e4chtig und liefert meist schon nach Eintippen weniger Buchstaben treffergenau das gesuchte Stichwort bzw. den relevantesten Eintrag im Lexikon. Mit Hilfe der Suchfunktion kann man auch solche Begriffe finden, die nicht in Form eines eigenen Stichworts, sondern im Rahmen eines \u00fcbergeordneten Stichworts beschrieben sind.<\/p>\n<h3>Alphabetisches Stichwortverzeichnis<\/h3>\n<p align=\"JUSTIFY\">Alle vorhandenen Stichw\u00f6rter k\u00f6nnen \u00fcber den alphabetischen Index (Button &#8222;Index (A-z)&#8220; rechts oben im Kopf der Seiten) erreicht werden.<\/p>\n<h3>Suche \u00fcber Struktur<\/h3>\n<p align=\"JUSTIFY\">Die anzeigte Struktur der Stichw\u00f6rter (Button &#8222;Struktur&#8220; rechts oben im Kopf der Seiten) erlaubt das Aufklappen und Zusammenklappen von Teilbereichen. Auf diese Weise k\u00f6nnen Stichw\u00f6rter, die thematisch benachbart sind, leicht aufgefunden werden.<\/p>\n<h3>Navigationsleiste<\/h3>\n<p align=\"JUSTIFY\">Der Link Lexikon auf der Startseite \u00f6ffnet die oberste Ebene der Enzyklop\u00e4die, d.h. die f\u00fcnf Hauptthemenbereiche, in der Navigationsleiste im linken Teil des Bildschirms. Bei Klicken auf einen Eintrag in der Navigationsleiste \u00f6ffnet sich die n\u00e4chsttiefere Ebene des angeklickten Themenbereichs. Die vorhandenen Stichw\u00f6rter bzw. Unterthemenbereiche werden im Hauptfenster rechts angezeigt.<\/p>\n<h2>Kommentare und Kontakt<\/h2>\n<p align=\"JUSTIFY\">Kommentare, Kritik und Verbesserungsvorschl\u00e4ge zu den Stichwortbeitr\u00e4gen sind willkommen!<\/p>\n<p align=\"JUSTIFY\">Die inhaltliche Verantwortung f\u00fcr die Stichw\u00f6rter liegt bei den\u00a0<span class=\"wl_hervorhebung\">Autoren<\/span>, die Sie direkt ansprechen k\u00f6nnen. Ihre Kontaktdaten finden Sie auf den Autorenseiten. Diese erreichen Sie z.B., wenn Sie\u00a0im Kopf eines Stichwortbeitrags den Namen des Autors und auf der n\u00e4chsten Seite den Link &#8222;Homepage auf dieser Website&#8230;&#8220;anklicken.<\/p>\n<p align=\"JUSTIFY\">Wenn Sie Kontakt zu den\u00a0<span class=\"wl_hervorhebung\">Herausgebern<\/span>\u00a0aufnehmen wollen,\u00a0steht Ihnen der Button &#8222;Kontakt&#8220; rechts oben im Kopf der Seiten zur Verf\u00fcgung. Zu einem bestimmten Herausgeber (bzw. seiner Autorenseite) gelangen\u00a0Sie mit einem Klick auf das Foto auf der Herausgeberseite.<\/p>\n<h3><a href=\"https:\/\/www.wi-lex.de\/index.php\/benutzungshinweise\/hinweise-zum-zitieren-der-enzyklopaedie\/\">Zitierung<\/a><\/h3>\n<\/div>\n","protected":false},"excerpt":{"rendered":"<p>Die Enzyklop\u00e4die der Wirtschaftsinformatik ist nach inhaltlichen Teilbereichen hierarchisch gegliedert. Die Stichw\u00f6rter sind diesen Teilbereichen zugeordnet. Die Gesamtstruktur kann \u00fcber den Button Struktur (rechts oben im Kopf der Seiten) aufgerufen werden. Auffinden der Enzyklop\u00e4die Die Enzyklop\u00e4die der Wirtschaftsinformatik kann im <a href=\"https:\/\/wi-lex.de\/benutzungshinweise\/\" class=\"read-more\">Read More &#8230;<\/a><\/p>\n","protected":false},"author":568,"featured_media":0,"parent":0,"menu_order":11,"comment_status":"closed","ping_status":"closed","template":"","meta":{"footnotes":""},"class_list":["post-14","page","type-page","status-publish","hentry"],"_links":{"self":[{"href":"https:\/\/wi-lex.de\/wp-json\/wp\/v2\/pages\/14","targetHints":{"allow":["GET"]}}],"collection":[{"href":"https:\/\/wi-lex.de\/wp-json\/wp\/v2\/pages"}],"about":[{"href":"https:\/\/wi-lex.de\/wp-json\/wp\/v2\/types\/page"}],"author":[{"embeddable":true,"href":"https:\/\/wi-lex.de\/wp-json\/wp\/v2\/users\/568"}],"replies":[{"embeddable":true,"href":"https:\/\/wi-lex.de\/wp-json\/wp\/v2\/comments?post=14"}],"version-history":[{"count":0,"href":"https:\/\/wi-lex.de\/wp-json\/wp\/v2\/pages\/14\/revisions"}],"wp:attachment":[{"href":"https:\/\/wi-lex.de\/wp-json\/wp\/v2\/media?parent=14"}],"curies":[{"name":"wp","href":"https:\/\/api.w.org\/{rel}","templated":true}]}}